{"id":837,"date":"2022-09-20T09:35:07","date_gmt":"2022-09-20T09:35:07","guid":{"rendered":"https:\/\/www.isosfer.pt\/novo\/?page_id=837"},"modified":"2022-11-22T16:52:21","modified_gmt":"2022-11-22T16:52:21","slug":"telhados","status":"publish","type":"page","link":"https:\/\/www.isosfer.pt\/?page_id=837","title":{"rendered":"Telhados"},"content":{"rendered":"<p>[et_pb_section fb_built=&#8221;1&#8243; admin_label=&#8221;Category Search Section&#8221; _builder_version=&#8221;4.16&#8243; custom_padding=&#8221;||||false|false&#8221; locked=&#8221;off&#8221; global_colors_info=&#8221;{}&#8221;][et_pb_row admin_label=&#8221;Category Search Title Area&#8221; _builder_version=&#8221;4.16&#8243; locked=&#8221;off&#8221; global_colors_info=&#8221;{}&#8221;][et_pb_column type=&#8221;4_4&#8243; _builder_version=&#8221;4.16&#8243; custom_padding=&#8221;|||&#8221; global_colors_info=&#8221;{}&#8221; custom_padding__hover=&#8221;|||&#8221;][et_pb_text admin_label=&#8221;Title&#8221; _builder_version=&#8221;4.16&#8243; text_font=&#8221;||||||||&#8221; header_font=&#8221;||||||||&#8221; header_2_font=&#8221;Nunito||||||||&#8221; header_2_text_align=&#8221;center&#8221; header_2_text_color=&#8221;#263954&#8243; header_2_font_size=&#8221;36px&#8221; header_2_line_height=&#8221;1.4em&#8221; custom_margin=&#8221;||5px|&#8221; animation_style=&#8221;fold&#8221; animation_direction=&#8221;bottom&#8221; animation_intensity_fold=&#8221;20%&#8221; animation_starting_opacity=&#8221;100%&#8221; global_colors_info=&#8221;{}&#8221;]<\/p>\n<h2>Isolamento de Telhados<\/h2>\n<p>[\/et_pb_text][et_pb_divider color=&#8221;#0093DD&#8221; divider_position=&#8221;center&#8221; divider_weight=&#8221;2px&#8221; _builder_version=&#8221;4.16&#8243; max_width=&#8221;50px&#8221; module_alignment=&#8221;center&#8221; global_colors_info=&#8221;{}&#8221;][\/et_pb_divider][\/et_pb_column][\/et_pb_row][et_pb_row _builder_version=&#8221;4.19.0&#8243; _module_preset=&#8221;default&#8221; custom_margin=&#8221;||||false|false&#8221; custom_padding=&#8221;0px||0px||false|false&#8221; global_colors_info=&#8221;{}&#8221;][et_pb_column type=&#8221;4_4&#8243; _builder_version=&#8221;4.19.0&#8243; _module_preset=&#8221;default&#8221; global_colors_info=&#8221;{}&#8221;][et_pb_text _builder_version=&#8221;4.19.0&#8243; _module_preset=&#8221;default&#8221; text_text_color=&#8221;#00AEEF&#8221; link_option_url=&#8221;#ripadoduroplaksuper&#8221; global_colors_info=&#8221;{}&#8221;]<\/p>\n<p><strong>RIPADO DUROPLAK SUPER<\/strong><\/p>\n<p>[\/et_pb_text][\/et_pb_column][\/et_pb_row][et_pb_row _builder_version=&#8221;4.19.0&#8243; _module_preset=&#8221;default&#8221; global_colors_info=&#8221;{}&#8221;][et_pb_column type=&#8221;4_4&#8243; _builder_version=&#8221;4.19.0&#8243; _module_preset=&#8221;default&#8221; global_colors_info=&#8221;{}&#8221;][et_pb_text _builder_version=&#8221;4.19.0&#8243; _module_preset=&#8221;default&#8221; link_option_url=&#8221;#abobadilhascomripa&#8221; global_colors_info=&#8221;{}&#8221;]<\/p>\n<p><span style=\"color: #00aeef;\"><strong>ABOBADILHAS COM RIPA<\/strong><\/span><\/p>\n<p>[\/et_pb_text][\/et_pb_column][\/et_pb_row][et_pb_row _builder_version=&#8221;4.19.0&#8243; _module_preset=&#8221;default&#8221; custom_padding=&#8221;0px||||false|false&#8221; global_colors_info=&#8221;{}&#8221;][et_pb_column type=&#8221;4_4&#8243; _builder_version=&#8221;4.19.0&#8243; _module_preset=&#8221;default&#8221; global_colors_info=&#8221;{}&#8221;][et_pb_text _builder_version=&#8221;4.19.0&#8243; _module_preset=&#8221;default&#8221; global_colors_info=&#8221;{}&#8221;]<\/p>\n<p><a href=\"https:\/\/www.isosfer.pt\/novo\/?page_id=479\" target=\"_blank\" rel=\"noopener\"><strong>ABOBADILHAS<\/strong><\/a><\/p>\n<p>[\/et_pb_text][\/et_pb_column][\/et_pb_row][et_pb_row _builder_version=&#8221;4.19.0&#8243; _module_preset=&#8221;default&#8221; custom_padding=&#8221;0px||||false|false&#8221; global_colors_info=&#8221;{}&#8221;][et_pb_column type=&#8221;4_4&#8243; _builder_version=&#8221;4.19.0&#8243; _module_preset=&#8221;default&#8221; global_colors_info=&#8221;{}&#8221;][et_pb_text _builder_version=&#8221;4.19.0&#8243; _module_preset=&#8221;default&#8221; link_option_url=&#8221;#placasonduladasparacoberturas&#8221; global_colors_info=&#8221;{}&#8221;]<\/p>\n<p><span style=\"color: #00aeef;\"><strong>PLACAS ONDULADAS PARA COBERTURAS<\/strong><\/span><\/p>\n<p>[\/et_pb_text][\/et_pb_column][\/et_pb_row][et_pb_row column_structure=&#8221;1_2,1_2&#8243; module_id=&#8221;ripadoduroplaksuper&#8221; _builder_version=&#8221;4.19.0&#8243; _module_preset=&#8221;default&#8221; locked=&#8221;off&#8221; global_colors_info=&#8221;{}&#8221;][et_pb_column type=&#8221;1_2&#8243; _builder_version=&#8221;4.16&#8243; _module_preset=&#8221;default&#8221; global_colors_info=&#8221;{}&#8221;][et_pb_text _builder_version=&#8221;4.19.0&#8243; _module_preset=&#8221;default&#8221; header_2_font=&#8221;|||on|||||&#8221; header_2_text_color=&#8221;#00AEEF&#8221; hover_enabled=&#8221;0&#8243; global_colors_info=&#8221;{}&#8221; sticky_enabled=&#8221;0&#8243;]<\/p>\n<h2 style=\"text-align: justify;\"><strong>Ripado Duroplak Super<\/strong><\/h2>\n<p style=\"text-align: justify;\">O RIPADO DUROPLAK SUPER (telhado) \u00e9 fabricado em placas de EPS 150 <strong>AUTO- EXTINGU\u00cdVEL M-1<\/strong>, j\u00e1 com ripas incorporadas para a coloca\u00e7\u00e3o das telhas. A utiliza\u00e7\u00e3o destas placas, permite a ventila\u00e7\u00e3o entre a camada isolante e a telha , contribuindo assim para uma maior durabilidade da mesma.<\/p>\n<p style=\"text-align: justify;\"><strong>Vantagens<\/strong><\/p>\n<ul style=\"text-align: justify;\">\n<li>Facilidade e rapidez na coloca\u00e7\u00e3o.<\/li>\n<li>\u00d3ptimo isolamento t\u00e9rmico.<\/li>\n<li>Rapidez da prepara\u00e7\u00e3o do telhado para a coloca\u00e7\u00e3o da telha.<\/li>\n<\/ul>\n<p style=\"text-align: justify;\"><strong>Princ\u00edpios De Aplica\u00e7\u00e3o<\/strong><\/p>\n<ul style=\"text-align: justify;\">\n<li>Amarrar as placas com buchas pl\u00e1sticas sobre a laje desempenada.<\/li>\n<li>Iniciar a coloca\u00e7\u00e3o das placas s\u00f3 depois de saber a marca e modelo da telha e a mediada da ripa.<\/li>\n<\/ul>\n<p style=\"text-align: justify;\"><strong>Aplica\u00e7\u00e3o<\/strong><\/p>\n<ul style=\"text-align: justify;\">\n<li>Cobertura Inclinada<\/li>\n<\/ul>\n<p style=\"text-align: justify;\"><strong>Aconselhamentos<\/strong><\/p>\n<ul>\n<li style=\"text-align: justify;\">DUROPLAK SUPER EPS 150<\/li>\n<li style=\"text-align: justify;\">Espessura nunca inferior a 40 mm<\/li>\n<li style=\"text-align: justify;\">Placas de fabrico <strong>AUTO- EXTINGU\u00cdVEL M-1 5<\/strong> buchas pl\u00e1sticas com prego por placa<\/li>\n<li style=\"text-align: justify;\">As buchas de fixa\u00e7\u00e3o dever\u00e3o ser os \u00fanicos componentes a atravessar as placas EPS<\/li>\n<li style=\"text-align: justify;\">Respeitar sempre as instru\u00e7\u00f5es do fabricante<\/li>\n<\/ul>\n<p><img loading=\"lazy\" decoding=\"async\" src=\"https:\/\/www.isosfer.pt\/novo\/wp-content\/uploads\/2022\/11\/icon_qualidade.jpg\" width=\"65\" height=\"92\" alt=\"\" class=\"wp-image-1089 alignnone size-full\" \/><\/p>\n<p>[\/et_pb_text][\/et_pb_column][et_pb_column type=&#8221;1_2&#8243; _builder_version=&#8221;4.16&#8243; _module_preset=&#8221;default&#8221; global_colors_info=&#8221;{}&#8221;][et_pb_image src=&#8221;https:\/\/www.isosfer.pt\/novo\/wp-content\/uploads\/2022\/11\/img_RIPADO-DUROPLAK-SUPER-telhado.jpg&#8221; _builder_version=&#8221;4.19.0&#8243; _module_preset=&#8221;default&#8221; border_width_all=&#8221;2px&#8221; border_color_all=&#8221;#0093DD&#8221; global_colors_info=&#8221;{}&#8221;][\/et_pb_image][et_pb_image src=&#8221;https:\/\/www.isosfer.pt\/novo\/wp-content\/uploads\/2022\/11\/img_RIPADO-DUROPLAK-SUPER-telhado1.jpg&#8221; _builder_version=&#8221;4.19.0&#8243; _module_preset=&#8221;default&#8221; hover_enabled=&#8221;0&#8243; sticky_enabled=&#8221;0&#8243;][\/et_pb_image][\/et_pb_column][\/et_pb_row][et_pb_row column_structure=&#8221;1_2,1_2&#8243; module_id=&#8221;abobadilhascomripa&#8221; _builder_version=&#8221;4.19.0&#8243; _module_preset=&#8221;default&#8221; locked=&#8221;off&#8221; global_colors_info=&#8221;{}&#8221;][et_pb_column type=&#8221;1_2&#8243; _builder_version=&#8221;4.16&#8243; _module_preset=&#8221;default&#8221; global_colors_info=&#8221;{}&#8221;][et_pb_text _builder_version=&#8221;4.19.0&#8243; _module_preset=&#8221;default&#8221; header_2_font=&#8221;|||on|||||&#8221; header_2_text_color=&#8221;#00AEEF&#8221; hover_enabled=&#8221;0&#8243; global_colors_info=&#8221;{}&#8221; sticky_enabled=&#8221;0&#8243;]<\/p>\n<h2 style=\"text-align: justify;\"><strong>Abobadilha Com Ripa<\/strong><\/h2>\n<p>As ABOBADILHAS COM RIPA s\u00e3o fabricadas em EPS de alta densidade, para utiliza\u00e7\u00e3o nas coberturas inclinadas, substituindo as abobadilhas tradicionais, assim como a camada de bet\u00e3o que habitualmente sobre elas \u00e9 aplicado.<br \/>S\u00e3o fabricadas em diversas medidas e espessuras, j\u00e1 com ripa incorporada, devendo antes de efectuar qualquer trabalho definir a telha a aplicar.<\/p>\n<p style=\"text-align: justify;\"><strong>* Vantagens<\/strong><\/p>\n<ul style=\"text-align: justify;\">\n<li>Redu\u00e7\u00e3o de custos na aplica\u00e7\u00e3o<\/li>\n<li>Redu\u00e7\u00e3o do peso da laje<\/li>\n<li>Facilidade e rapidez na coloca\u00e7\u00e3o \u2013 um homem pode transportar 10 m2<\/li>\n<li>Melhora a cura do bet\u00e3o<\/li>\n<li>Garantem um bom isolamento \u2013 as abobadilhas em EPS tem uma resist\u00eancia t\u00e9rmica muito superior \u00e0 de qualquer outro produto concorrente.<\/li>\n<\/ul>\n<p style=\"text-align: justify;\"><strong>* Versatilidade<\/strong><\/p>\n<ul>\n<li style=\"text-align: justify;\">\u00c9 um produto poss\u00edvel de fabricar em qualquer medida entre vigas, assim como em qualquer distancia de ripa<\/li>\n<li style=\"text-align: justify;\">Funciona em qualquer telha.<\/li>\n<\/ul>\n<p><img loading=\"lazy\" decoding=\"async\" src=\"https:\/\/www.isosfer.pt\/novo\/wp-content\/uploads\/2022\/11\/icon_qualidade.jpg\" width=\"65\" height=\"92\" alt=\"\" class=\"wp-image-1089 alignnone size-full\" \/><\/p>\n<p>[\/et_pb_text][\/et_pb_column][et_pb_column type=&#8221;1_2&#8243; _builder_version=&#8221;4.16&#8243; _module_preset=&#8221;default&#8221; global_colors_info=&#8221;{}&#8221;][et_pb_image src=&#8221;https:\/\/www.isosfer.pt\/novo\/wp-content\/uploads\/2022\/11\/img_Abobadilha-com-Ripa2.jpg&#8221; _builder_version=&#8221;4.19.0&#8243; _module_preset=&#8221;default&#8221; border_width_all=&#8221;2px&#8221; border_color_all=&#8221;#0093DD&#8221; global_colors_info=&#8221;{}&#8221;][\/et_pb_image][et_pb_image src=&#8221;https:\/\/www.isosfer.pt\/novo\/wp-content\/uploads\/2022\/11\/img_Abobadilha-com-Ripa2a-613&#215;1024.jpg&#8221; _builder_version=&#8221;4.19.0&#8243; _module_preset=&#8221;default&#8221; align=&#8221;center&#8221; hover_enabled=&#8221;0&#8243; sticky_enabled=&#8221;0&#8243;][\/et_pb_image][\/et_pb_column][\/et_pb_row][et_pb_row column_structure=&#8221;1_2,1_2&#8243; admin_label=&#8221;Category Search Title Area&#8221; module_id=&#8221;isolmate&#8221; _builder_version=&#8221;4.19.0&#8243; locked=&#8221;off&#8221; global_colors_info=&#8221;{}&#8221;][et_pb_column type=&#8221;1_2&#8243; _builder_version=&#8221;4.16&#8243; custom_padding=&#8221;|||&#8221; global_colors_info=&#8221;{}&#8221; custom_padding__hover=&#8221;|||&#8221;][et_pb_text admin_label=&#8221;Title&#8221; _builder_version=&#8221;4.19.0&#8243; text_font=&#8221;||||||||&#8221; header_font=&#8221;|||on|||||&#8221; header_text_color=&#8221;#00AEEF&#8221; header_2_font=&#8221;||||||||&#8221; header_2_text_align=&#8221;center&#8221; header_2_text_color=&#8221;#263954&#8243; header_2_font_size=&#8221;36px&#8221; header_2_line_height=&#8221;1.4em&#8221; custom_margin=&#8221;||5px|&#8221; animation_direction=&#8221;bottom&#8221; hover_enabled=&#8221;0&#8243; global_colors_info=&#8221;{}&#8221; sticky_enabled=&#8221;0&#8243;]<\/p>\n<h1 style=\"text-align: justify;\"><strong>Isolmate<\/strong><\/h1>\n<p>As placas ISOLMATE, s\u00e3o fabricadas em E.P.S. num processo de molda\u00e7\u00e3o espec\u00edfico, por forma a obter uma placa com duas faces lisas, ou uma face lisa e outra ranhurada.<\/p>\n<p style=\"text-align: justify;\">S\u00e3o placas especialmente indicadas para o isolamento de terra\u00e7os e coberturas inclinadas, caracterizando-se pela sua forte resist\u00eancia \u00e0 compress\u00e3o.<\/p>\n<p style=\"text-align: justify;\">S\u00e3o fabricadas nas cores branco ou azul.<\/p>\n<p style=\"text-align: justify;\"><strong>Princ\u00edpios de aplica\u00e7\u00e3o<\/strong><\/p>\n<ul>\n<li style=\"text-align: justify;\">Amarrar as placas sob a laje desempenada com buchas pl\u00e1sticas.<\/li>\n<li style=\"text-align: justify;\">Sobre as ranhuras, fazer uma ripa em bet\u00e3o conforme a telha a aplicar.<\/li>\n<\/ul>\n<p style=\"text-align: justify;\"><strong>Aten\u00e7\u00e3o:<\/strong> nunca aplicar as telhas directamente sobre as ranhuras. O objectivo destas ranhuras \u00e9 fazer com que a ripa de bet\u00e3o n\u00e3o se desloque, e n\u00e3o para fixar a telha.<\/p>\n<p style=\"text-align: justify;\">Aplicar 5 buchas pl\u00e1sticas por cada placa.<\/p>\n<p style=\"text-align: justify;\">\n<p style=\"text-align: justify;\"><img loading=\"lazy\" decoding=\"async\" src=\"https:\/\/www.isosfer.pt\/novo\/wp-content\/uploads\/2022\/11\/icon_qualidade.jpg\" width=\"65\" height=\"92\" alt=\"\" class=\"wp-image-1089 alignnone size-full\" \/><\/p>\n<p>[\/et_pb_text][\/et_pb_column][et_pb_column type=&#8221;1_2&#8243; _builder_version=&#8221;4.16&#8243; custom_padding=&#8221;|||&#8221; global_colors_info=&#8221;{}&#8221; custom_padding__hover=&#8221;|||&#8221;][et_pb_image src=&#8221;https:\/\/www.isosfer.pt\/novo\/wp-content\/uploads\/2022\/09\/img_36.jpg&#8221; _builder_version=&#8221;4.18.0&#8243; _module_preset=&#8221;default&#8221; border_width_all=&#8221;2px&#8221; border_color_all=&#8221;#0093DD&#8221; global_colors_info=&#8221;{}&#8221;][\/et_pb_image][et_pb_image src=&#8221;https:\/\/www.isosfer.pt\/novo\/wp-content\/uploads\/2022\/11\/img_placas-isolmate.jpg&#8221; _builder_version=&#8221;4.19.0&#8243; _module_preset=&#8221;default&#8221; hover_enabled=&#8221;0&#8243; sticky_enabled=&#8221;0&#8243;][\/et_pb_image][\/et_pb_column][\/et_pb_row][et_pb_row column_structure=&#8221;1_2,1_2&#8243; module_id=&#8221;placasonduladasparacoberturas&#8221; _builder_version=&#8221;4.19.0&#8243; _module_preset=&#8221;default&#8221; global_colors_info=&#8221;{}&#8221;][et_pb_column type=&#8221;1_2&#8243; _builder_version=&#8221;4.16&#8243; _module_preset=&#8221;default&#8221; global_colors_info=&#8221;{}&#8221;][et_pb_text _builder_version=&#8221;4.19.0&#8243; _module_preset=&#8221;default&#8221; header_font=&#8221;|||on|||||&#8221; header_text_color=&#8221;#00AEEF&#8221; hover_enabled=&#8221;0&#8243; global_colors_info=&#8221;{}&#8221; sticky_enabled=&#8221;0&#8243;]<\/p>\n<h1 style=\"text-align: justify;\"><strong>Placas onduladas para coberturas<\/strong><\/h1>\n<p style=\"text-align: justify;\">As placas onduladas para coberturas permitem um maior isolamento ac\u00fastico e t\u00e9rmico para v\u00e1rios tipos de cobertura bem como actuam sob um factor de maior impermeabilidade \u00e0 \u00e1gua.<\/p>\n<p style=\"text-align: justify;\">\n<p style=\"text-align: justify;\"><img loading=\"lazy\" decoding=\"async\" src=\"https:\/\/www.isosfer.pt\/novo\/wp-content\/uploads\/2022\/11\/icon_qualidade.jpg\" width=\"65\" height=\"92\" alt=\"\" class=\"wp-image-1089 alignnone size-full\" \/><\/p>\n<p>[\/et_pb_text][\/et_pb_column][et_pb_column type=&#8221;1_2&#8243; _builder_version=&#8221;4.16&#8243; _module_preset=&#8221;default&#8221; global_colors_info=&#8221;{}&#8221;][et_pb_image src=&#8221;https:\/\/www.isosfer.pt\/novo\/wp-content\/uploads\/2022\/04\/img_18.jpg&#8221; _builder_version=&#8221;4.19.0&#8243; _module_preset=&#8221;default&#8221; border_width_all=&#8221;2px&#8221; border_color_all=&#8221;#0093DD&#8221; global_colors_info=&#8221;{}&#8221;][\/et_pb_image][\/et_pb_column][\/et_pb_row][et_pb_row _builder_version=&#8221;4.16&#8243; _module_preset=&#8221;default&#8221; global_colors_info=&#8221;{}&#8221;][et_pb_column type=&#8221;4_4&#8243; _builder_version=&#8221;4.16&#8243; _module_preset=&#8221;default&#8221; global_colors_info=&#8221;{}&#8221;][et_pb_gallery gallery_ids=&#8221;505,506,507,508&#8243; zoom_icon_color=&#8221;#0093DD&#8221; hover_icon=&#8221;&#x59;||divi||400&#8243; _builder_version=&#8221;4.16&#8243; _module_preset=&#8221;default&#8221; border_width_all_image=&#8221;2px&#8221; border_color_all_image=&#8221;#0093DD&#8221; global_colors_info=&#8221;{}&#8221;][\/et_pb_gallery][\/et_pb_column][\/et_pb_row][\/et_pb_section]<\/p>\n","protected":false},"excerpt":{"rendered":"<p>Isolamento de TelhadosRIPADO DUROPLAK SUPERABOBADILHAS COM RIPAABOBADILHASPLACAS ONDULADAS PARA COBERTURASRipado Duroplak Super O RIPADO DUROPLAK SUPER (telhado) \u00e9 fabricado em placas de EPS 150 AUTO- EXTINGU\u00cdVEL M-1, j\u00e1 com ripas incorporadas para a coloca\u00e7\u00e3o das telhas. A utiliza\u00e7\u00e3o destas placas, permite a ventila\u00e7\u00e3o entre a camada isolante e a telha , contribuindo assim para uma [&hellip;]<\/p>\n","protected":false},"author":2,"featured_media":0,"parent":0,"menu_order":0,"comment_status":"closed","ping_status":"closed","template":"","meta":{"_et_pb_use_builder":"on","_et_pb_old_content":"","_et_gb_content_width":"","footnotes":""},"class_list":["post-837","page","type-page","status-publish","hentry"],"_links":{"self":[{"href":"https:\/\/www.isosfer.pt\/index.php?rest_route=\/wp\/v2\/pages\/837","targetHints":{"allow":["GET"]}}],"collection":[{"href":"https:\/\/www.isosfer.pt\/index.php?rest_route=\/wp\/v2\/pages"}],"about":[{"href":"https:\/\/www.isosfer.pt\/index.php?rest_route=\/wp\/v2\/types\/page"}],"author":[{"embeddable":true,"href":"https:\/\/www.isosfer.pt\/index.php?rest_route=\/wp\/v2\/users\/2"}],"replies":[{"embeddable":true,"href":"https:\/\/www.isosfer.pt\/index.php?rest_route=%2Fwp%2Fv2%2Fcomments&post=837"}],"version-history":[{"count":24,"href":"https:\/\/www.isosfer.pt\/index.php?rest_route=\/wp\/v2\/pages\/837\/revisions"}],"predecessor-version":[{"id":1094,"href":"https:\/\/www.isosfer.pt\/index.php?rest_route=\/wp\/v2\/pages\/837\/revisions\/1094"}],"wp:attachment":[{"href":"https:\/\/www.isosfer.pt\/index.php?rest_route=%2Fwp%2Fv2%2Fmedia&parent=837"}],"curies":[{"name":"wp","href":"https:\/\/api.w.org\/{rel}","templated":true}]}}