{"id":805,"date":"2022-09-19T16:52:47","date_gmt":"2022-09-19T16:52:47","guid":{"rendered":"https:\/\/www.isosfer.pt\/novo\/?page_id=805"},"modified":"2022-11-22T16:57:01","modified_gmt":"2022-11-22T16:57:01","slug":"paredes","status":"publish","type":"page","link":"https:\/\/www.isosfer.pt\/?page_id=805","title":{"rendered":"Paredes"},"content":{"rendered":"<p>[et_pb_section fb_built=&#8221;1&#8243; admin_label=&#8221;Category Search Section&#8221; _builder_version=&#8221;4.16&#8243; custom_padding=&#8221;||||false|false&#8221; locked=&#8221;off&#8221; global_colors_info=&#8221;{}&#8221;][et_pb_row admin_label=&#8221;Category Search Title Area&#8221; _builder_version=&#8221;4.16&#8243; locked=&#8221;off&#8221; global_colors_info=&#8221;{}&#8221;][et_pb_column type=&#8221;4_4&#8243; _builder_version=&#8221;4.16&#8243; custom_padding=&#8221;|||&#8221; global_colors_info=&#8221;{}&#8221; custom_padding__hover=&#8221;|||&#8221;][et_pb_text admin_label=&#8221;Title&#8221; _builder_version=&#8221;4.19.0&#8243; text_font=&#8221;||||||||&#8221; header_font=&#8221;||||||||&#8221; header_2_font=&#8221;Nunito||||||||&#8221; header_2_text_align=&#8221;center&#8221; header_2_text_color=&#8221;#263954&#8243; header_2_font_size=&#8221;36px&#8221; header_2_line_height=&#8221;1.4em&#8221; text_orientation=&#8221;center&#8221; custom_margin=&#8221;||5px|&#8221; animation_style=&#8221;fold&#8221; animation_direction=&#8221;bottom&#8221; animation_intensity_fold=&#8221;20%&#8221; animation_starting_opacity=&#8221;100%&#8221; global_colors_info=&#8221;{}&#8221;]<\/p>\n<h2>Isolamento de Paredes<\/h2>\n<p>[\/et_pb_text][et_pb_divider color=&#8221;#0093DD&#8221; divider_position=&#8221;center&#8221; divider_weight=&#8221;2px&#8221; _builder_version=&#8221;4.16&#8243; max_width=&#8221;50px&#8221; module_alignment=&#8221;center&#8221; global_colors_info=&#8221;{}&#8221;][\/et_pb_divider][et_pb_text admin_label=&#8221;Title&#8221; _builder_version=&#8221;4.18.0&#8243; text_font=&#8221;||||||||&#8221; header_font=&#8221;||||||||&#8221; header_2_font=&#8221;Nunito||||||||&#8221; header_2_text_align=&#8221;center&#8221; header_2_text_color=&#8221;#263954&#8243; header_2_font_size=&#8221;36px&#8221; header_2_line_height=&#8221;1.4em&#8221; text_orientation=&#8221;center&#8221; custom_margin=&#8221;||5px|&#8221; animation_style=&#8221;fold&#8221; animation_direction=&#8221;bottom&#8221; animation_intensity_fold=&#8221;20%&#8221; animation_starting_opacity=&#8221;100%&#8221; global_colors_info=&#8221;{}&#8221;]<\/p>\n<p>As Placas GEDPLAK, ISOPLAK, TERMOPLAK e DUROPLAK em EPS, s\u00e3o indicadas para isolamentos diversos na constru\u00e7\u00e3o civil.<\/p>\n<p>[\/et_pb_text][\/et_pb_column][\/et_pb_row][et_pb_row column_structure=&#8221;1_2,1_2&#8243; _builder_version=&#8221;4.18.0&#8243; _module_preset=&#8221;default&#8221; locked=&#8221;off&#8221; global_colors_info=&#8221;{}&#8221;][et_pb_column type=&#8221;1_2&#8243; _builder_version=&#8221;4.16&#8243; _module_preset=&#8221;default&#8221; global_colors_info=&#8221;{}&#8221;][et_pb_text _builder_version=&#8221;4.19.0&#8243; _module_preset=&#8221;default&#8221; header_2_font=&#8221;|||on|||||&#8221; header_2_text_color=&#8221;#00AEEF&#8221; hover_enabled=&#8221;0&#8243; global_colors_info=&#8221;{}&#8221; sticky_enabled=&#8221;0&#8243;]<\/p>\n<h2 style=\"text-align: justify;\"><strong>Isolamento Exterior<\/strong><\/h2>\n<p>O isolamento pelo t\u00e9rmico pelo exterior, \u00e9 constitu\u00eddo por uma camada de EPS colada, ou de prefer\u00eancia pregada com buchas e revistada por rebocos sint\u00e9ticos armados com rede em fibra de vidro. utilizar em constru\u00e7\u00f5es novas ou reconstru\u00e7\u00e3o.<\/p>\n<p style=\"text-align: justify;\"><strong>Aconselhamos<\/strong><\/p>\n<ul style=\"text-align: justify;\">\n<li>TERMOPLAK EPS 100<\/li>\n<li>DUROPLAK EPS 150<\/li>\n<li>Espessura nunca inferiores a 50 mm<br \/>5 buchas pl\u00e1sticas com prego por placa<\/li>\n<li>Placas com encaixe<\/li>\n<li>Respeitar sempre as instru\u00e7\u00f5es do fabricante<\/li>\n<\/ul>\n<p>[\/et_pb_text][\/et_pb_column][et_pb_column type=&#8221;1_2&#8243; _builder_version=&#8221;4.16&#8243; _module_preset=&#8221;default&#8221; global_colors_info=&#8221;{}&#8221;][et_pb_image src=&#8221;https:\/\/www.isosfer.pt\/novo\/wp-content\/uploads\/2022\/04\/rev-ext1.jpg&#8221; _builder_version=&#8221;4.16&#8243; _module_preset=&#8221;default&#8221; border_width_all=&#8221;2px&#8221; border_color_all=&#8221;#0093DD&#8221; global_colors_info=&#8221;{}&#8221;][\/et_pb_image][\/et_pb_column][\/et_pb_row][et_pb_row column_structure=&#8221;3_4,1_4&#8243; _builder_version=&#8221;4.19.0&#8243; _module_preset=&#8221;default&#8221; global_colors_info=&#8221;{}&#8221;][et_pb_column type=&#8221;3_4&#8243; _builder_version=&#8221;4.19.0&#8243; _module_preset=&#8221;default&#8221; global_colors_info=&#8221;{}&#8221;][et_pb_image src=&#8221;https:\/\/www.isosfer.pt\/novo\/wp-content\/uploads\/2022\/11\/img_caracteristicas-Placas-para-paredes-interiores-e-exteriores.jpg&#8221; _builder_version=&#8221;4.19.0&#8243; _module_preset=&#8221;default&#8221; global_colors_info=&#8221;{}&#8221;][\/et_pb_image][\/et_pb_column][et_pb_column type=&#8221;1_4&#8243; _builder_version=&#8221;4.19.0&#8243; _module_preset=&#8221;default&#8221; global_colors_info=&#8221;{}&#8221;][et_pb_image src=&#8221;https:\/\/www.isosfer.pt\/novo\/wp-content\/uploads\/2022\/11\/icon_qualidade.jpg&#8221; _builder_version=&#8221;4.19.0&#8243; _module_preset=&#8221;default&#8221; global_colors_info=&#8221;{}&#8221;][\/et_pb_image][\/et_pb_column][\/et_pb_row][et_pb_row _builder_version=&#8221;4.16&#8243; _module_preset=&#8221;default&#8221; locked=&#8221;off&#8221; global_colors_info=&#8221;{}&#8221;][et_pb_column type=&#8221;4_4&#8243; _builder_version=&#8221;4.16&#8243; _module_preset=&#8221;default&#8221; global_colors_info=&#8221;{}&#8221;][et_pb_text _builder_version=&#8221;4.19.0&#8243; _module_preset=&#8221;default&#8221; header_2_font=&#8221;|||on|||||&#8221; header_2_text_color=&#8221;#00AEEF&#8221; global_colors_info=&#8221;{}&#8221;]<\/p>\n<h2 style=\"text-align: justify;\"><strong>Isolmate<\/strong><\/h2>\n<p style=\"text-align: justify;\">As placas ISOLMATE, s\u00e3o fabricadas em E.P.S. num processo de molda\u00e7\u00e3o espec\u00edfico, por forma a obter uma placa com duas faces lisas, ou uma face lisa e outra ranhurada.<br \/>S\u00e3o placas especialmente indicadas para o isolamento de terra\u00e7os e coberturas inclinadas, caracterizando-se pela sua forte resist\u00eancia \u00e0 compress\u00e3o.<\/p>\n<p style=\"text-align: justify;\">S\u00e3o fabricadas nas cores branco ou azul.<\/p>\n<p style=\"text-align: justify;\"><strong>Princ\u00edpios de aplica\u00e7\u00e3o<\/strong><\/p>\n<ul style=\"text-align: justify;\">\n<li>Amarrar as placas sob a laje desempenada com buchas pl\u00e1sticas.<\/li>\n<li>Sobre as ranhuras, fazer uma ripa em bet\u00e3o conforme a telha a aplicar.<\/li>\n<\/ul>\n<p style=\"text-align: justify;\">Aten\u00e7\u00e3o: nunca aplicar as telhas directamente sobre as ranhuras. O objectivo destas ranhuras \u00e9 fazer com que a ripa de bet\u00e3o n\u00e3o se desloque, e n\u00e3o para fixar a telha.<\/p>\n<p style=\"text-align: justify;\">Aplicar 5 buchas pl\u00e1sticas por cada placa.<\/p>\n<ul style=\"text-align: justify;\"><\/ul>\n<p>[\/et_pb_text][\/et_pb_column][\/et_pb_row][et_pb_row column_structure=&#8221;3_4,1_4&#8243; _builder_version=&#8221;4.19.0&#8243; _module_preset=&#8221;default&#8221; global_colors_info=&#8221;{}&#8221;][et_pb_column type=&#8221;3_4&#8243; _builder_version=&#8221;4.19.0&#8243; _module_preset=&#8221;default&#8221; global_colors_info=&#8221;{}&#8221;][et_pb_image src=&#8221;https:\/\/www.isosfer.pt\/novo\/wp-content\/uploads\/2022\/11\/img_placas-isolmate.jpg&#8221; _builder_version=&#8221;4.19.0&#8243; _module_preset=&#8221;default&#8221; global_colors_info=&#8221;{}&#8221;][\/et_pb_image][\/et_pb_column][et_pb_column type=&#8221;1_4&#8243; _builder_version=&#8221;4.19.0&#8243; _module_preset=&#8221;default&#8221; global_colors_info=&#8221;{}&#8221;][et_pb_image src=&#8221;https:\/\/www.isosfer.pt\/novo\/wp-content\/uploads\/2022\/11\/icon_qualidade.jpg&#8221; _builder_version=&#8221;4.19.0&#8243; _module_preset=&#8221;default&#8221; global_colors_info=&#8221;{}&#8221;][\/et_pb_image][\/et_pb_column][\/et_pb_row][et_pb_row column_structure=&#8221;1_2,1_2&#8243; _builder_version=&#8221;4.16&#8243; _module_preset=&#8221;default&#8221; locked=&#8221;off&#8221; global_colors_info=&#8221;{}&#8221;][et_pb_column type=&#8221;1_2&#8243; _builder_version=&#8221;4.16&#8243; _module_preset=&#8221;default&#8221; global_colors_info=&#8221;{}&#8221;][et_pb_text _builder_version=&#8221;4.19.0&#8243; _module_preset=&#8221;default&#8221; header_2_font=&#8221;|||on|||||&#8221; header_2_text_color=&#8221;#00AEEF&#8221; global_colors_info=&#8221;{}&#8221;]<\/p>\n<h2 style=\"text-align: justify;\"><strong>Isolamento pelo Interior<\/strong><\/h2>\n<p style=\"text-align: justify;\">O isolamento pelo interior com EPS requer que o este seja revestido. Isto pode ser conseguido aplicando o EPS em placas pr\u00e9-fabricadas que incluem revestimento,nomeadamente placas de gesso cartonado.<\/p>\n<p style=\"text-align: justify;\">Esta aplica\u00e7\u00e3o pode ser utilizada tanto em constru\u00e7\u00f5es novas, eliminando a necessidade de parede dupla, assim como em reabilita\u00e7\u00e3o de edif\u00edcios.<\/p>\n<p style=\"text-align: justify;\"><strong>Vantagens<\/strong><\/p>\n<ul style=\"text-align: justify;\">\n<li>Facilidades e rapidez na coloca\u00e7\u00e3o.<\/li>\n<li>Em alguns tipos de constru\u00e7\u00e3o facilita a passagem de tubos pela parede<\/li>\n<\/ul>\n<p style=\"text-align: justify;\"><strong>Aconselhamos<\/strong><\/p>\n<ul>\n<li style=\"text-align: justify;\">ISOPLAK EPS 60<\/li>\n<li style=\"text-align: justify;\">Placas de fabrico Auto-EXtingu\u00edvel M-1<\/li>\n<li style=\"text-align: justify;\">Respeitar as instru\u00e7\u00f5es do fabricante<\/li>\n<\/ul>\n<p>[\/et_pb_text][\/et_pb_column][et_pb_column type=&#8221;1_2&#8243; _builder_version=&#8221;4.16&#8243; _module_preset=&#8221;default&#8221; global_colors_info=&#8221;{}&#8221;][et_pb_image src=&#8221;https:\/\/www.isosfer.pt\/novo\/wp-content\/uploads\/2022\/04\/interior.jpg&#8221; _builder_version=&#8221;4.16&#8243; _module_preset=&#8221;default&#8221; border_width_all=&#8221;2px&#8221; border_color_all=&#8221;#0093DD&#8221; global_colors_info=&#8221;{}&#8221;][\/et_pb_image][\/et_pb_column][\/et_pb_row][et_pb_row column_structure=&#8221;3_4,1_4&#8243; _builder_version=&#8221;4.19.0&#8243; _module_preset=&#8221;default&#8221; global_colors_info=&#8221;{}&#8221;][et_pb_column type=&#8221;3_4&#8243; _builder_version=&#8221;4.19.0&#8243; _module_preset=&#8221;default&#8221; global_colors_info=&#8221;{}&#8221;][et_pb_image src=&#8221;https:\/\/www.isosfer.pt\/novo\/wp-content\/uploads\/2022\/11\/img_placas-para-paredes-interiores-e-exteriores.jpg&#8221; _builder_version=&#8221;4.19.0&#8243; _module_preset=&#8221;default&#8221; global_colors_info=&#8221;{}&#8221;][\/et_pb_image][\/et_pb_column][et_pb_column type=&#8221;1_4&#8243; _builder_version=&#8221;4.19.0&#8243; _module_preset=&#8221;default&#8221; global_colors_info=&#8221;{}&#8221;][et_pb_image src=&#8221;https:\/\/www.isosfer.pt\/novo\/wp-content\/uploads\/2022\/11\/icon_qualidade.jpg&#8221; _builder_version=&#8221;4.19.0&#8243; _module_preset=&#8221;default&#8221; global_colors_info=&#8221;{}&#8221;][\/et_pb_image][\/et_pb_column][\/et_pb_row][et_pb_row _builder_version=&#8221;4.16&#8243; _module_preset=&#8221;default&#8221; locked=&#8221;off&#8221; global_colors_info=&#8221;{}&#8221;][et_pb_column type=&#8221;4_4&#8243; _builder_version=&#8221;4.16&#8243; _module_preset=&#8221;default&#8221; global_colors_info=&#8221;{}&#8221;][et_pb_text _builder_version=&#8221;4.19.0&#8243; _module_preset=&#8221;default&#8221; header_2_font=&#8221;|||on|||||&#8221; header_2_text_color=&#8221;#00AEEF&#8221; global_colors_info=&#8221;{}&#8221;]<\/p>\n<h2 style=\"text-align: justify;\"><strong>Isolmate<\/strong><\/h2>\n<p style=\"text-align: justify;\">As placas ISOLMATE, s\u00e3o fabricadas em E.P.S. num processo de molda\u00e7\u00e3o espec\u00edfico, por forma a obter uma placa com duas faces lisas, ou uma face lisa e outra ranhurada.<br \/>S\u00e3o placas especialmente indicadas para o isolamento de terra\u00e7os e coberturas inclinadas, caracterizando-se pela sua forte resist\u00eancia \u00e0 compress\u00e3o.<\/p>\n<p style=\"text-align: justify;\">S\u00e3o fabricadas nas cores branco ou azul.<\/p>\n<p style=\"text-align: justify;\"><strong>Princ\u00edpios de aplica\u00e7\u00e3o<\/strong><\/p>\n<ul style=\"text-align: justify;\">\n<li>Amarrar as placas sob a laje desempenada com buchas pl\u00e1sticas.<\/li>\n<li>Sobre as ranhuras, fazer uma ripa em bet\u00e3o conforme a telha a aplicar.<\/li>\n<\/ul>\n<p style=\"text-align: justify;\">Aten\u00e7\u00e3o: nunca aplicar as telhas directamente sobre as ranhuras. O objectivo destas ranhuras \u00e9 fazer com que a ripa de bet\u00e3o n\u00e3o se desloque, e n\u00e3o para fixar a telha.<\/p>\n<p style=\"text-align: justify;\">Aplicar 5 buchas pl\u00e1sticas por cada placa.<\/p>\n<ul style=\"text-align: justify;\"><\/ul>\n<p>[\/et_pb_text][\/et_pb_column][\/et_pb_row][et_pb_row column_structure=&#8221;3_4,1_4&#8243; _builder_version=&#8221;4.19.0&#8243; _module_preset=&#8221;default&#8221; global_colors_info=&#8221;{}&#8221;][et_pb_column type=&#8221;3_4&#8243; _builder_version=&#8221;4.19.0&#8243; _module_preset=&#8221;default&#8221; global_colors_info=&#8221;{}&#8221;][et_pb_image src=&#8221;https:\/\/www.isosfer.pt\/novo\/wp-content\/uploads\/2022\/11\/img_placas-isolmate.jpg&#8221; _builder_version=&#8221;4.19.0&#8243; _module_preset=&#8221;default&#8221; global_colors_info=&#8221;{}&#8221;][\/et_pb_image][\/et_pb_column][et_pb_column type=&#8221;1_4&#8243; _builder_version=&#8221;4.19.0&#8243; _module_preset=&#8221;default&#8221; global_colors_info=&#8221;{}&#8221;][et_pb_image src=&#8221;https:\/\/www.isosfer.pt\/novo\/wp-content\/uploads\/2022\/11\/icon_qualidade.jpg&#8221; _builder_version=&#8221;4.19.0&#8243; _module_preset=&#8221;default&#8221; global_colors_info=&#8221;{}&#8221;][\/et_pb_image][\/et_pb_column][\/et_pb_row][et_pb_row column_structure=&#8221;1_2,1_2&#8243; _builder_version=&#8221;4.16&#8243; _module_preset=&#8221;default&#8221; locked=&#8221;off&#8221; global_colors_info=&#8221;{}&#8221;][et_pb_column type=&#8221;1_2&#8243; _builder_version=&#8221;4.16&#8243; _module_preset=&#8221;default&#8221; global_colors_info=&#8221;{}&#8221;][et_pb_text _builder_version=&#8221;4.19.0&#8243; _module_preset=&#8221;default&#8221; header_2_font=&#8221;|||on|||||&#8221; header_2_text_color=&#8221;#00AEEF&#8221; locked=&#8221;off&#8221; global_colors_info=&#8221;{}&#8221;]<\/p>\n<h2 style=\"text-align: justify;\"><strong>Isolamento em Parede Dupla<\/strong><\/h2>\n<p style=\"text-align: justify;\">O sistema coincide na aplica\u00e7\u00e3o do EPS entre dois panos de parede. Colocar duas camadas de EPS, cruzadas na parte interior da parede, antes de construir a parede interior.<\/p>\n<p style=\"text-align: justify;\">Utilizar em constru\u00e7\u00f5es novas.<\/p>\n<p style=\"text-align: justify;\"><strong>Aconselhamos<\/strong><\/p>\n<ul style=\"text-align: justify;\">\n<li>TERMOPLAK SUPER EPS 100<\/li>\n<li>DUROPLAK SUPER EPS 150<\/li>\n<li>Espessura iguais ou superiores a 40 mm<\/li>\n<li>Placas com encaixe<\/li>\n<li>Respeitar sempre as instru\u00e7\u00f5es do fabricante<\/li>\n<\/ul>\n<p>[\/et_pb_text][\/et_pb_column][et_pb_column type=&#8221;1_2&#8243; _builder_version=&#8221;4.16&#8243; _module_preset=&#8221;default&#8221; global_colors_info=&#8221;{}&#8221;][et_pb_image src=&#8221;https:\/\/www.isosfer.pt\/novo\/wp-content\/uploads\/2022\/09\/img_34.jpg&#8221; _builder_version=&#8221;4.18.0&#8243; _module_preset=&#8221;default&#8221; border_width_all=&#8221;2px&#8221; border_color_all=&#8221;#0093DD&#8221; global_colors_info=&#8221;{}&#8221;][\/et_pb_image][\/et_pb_column][\/et_pb_row][et_pb_row column_structure=&#8221;3_4,1_4&#8243; _builder_version=&#8221;4.19.0&#8243; _module_preset=&#8221;default&#8221; global_colors_info=&#8221;{}&#8221;][et_pb_column type=&#8221;3_4&#8243; _builder_version=&#8221;4.19.0&#8243; _module_preset=&#8221;default&#8221; global_colors_info=&#8221;{}&#8221;][et_pb_image src=&#8221;https:\/\/www.isosfer.pt\/novo\/wp-content\/uploads\/2022\/11\/img_placas-para-parede-dupla.jpg&#8221; _builder_version=&#8221;4.19.0&#8243; _module_preset=&#8221;default&#8221; global_colors_info=&#8221;{}&#8221;][\/et_pb_image][\/et_pb_column][et_pb_column type=&#8221;1_4&#8243; _builder_version=&#8221;4.19.0&#8243; _module_preset=&#8221;default&#8221; global_colors_info=&#8221;{}&#8221;][et_pb_image src=&#8221;https:\/\/www.isosfer.pt\/novo\/wp-content\/uploads\/2022\/11\/icon_qualidade.jpg&#8221; _builder_version=&#8221;4.19.0&#8243; _module_preset=&#8221;default&#8221; global_colors_info=&#8221;{}&#8221;][\/et_pb_image][\/et_pb_column][\/et_pb_row][et_pb_row column_structure=&#8221;1_2,1_2&#8243; _builder_version=&#8221;4.16&#8243; _module_preset=&#8221;default&#8221; locked=&#8221;off&#8221; global_colors_info=&#8221;{}&#8221;][et_pb_column type=&#8221;1_2&#8243; _builder_version=&#8221;4.16&#8243; _module_preset=&#8221;default&#8221; global_colors_info=&#8221;{}&#8221;][et_pb_text _builder_version=&#8221;4.19.0&#8243; _module_preset=&#8221;default&#8221; header_2_font=&#8221;|||on|||||&#8221; header_2_text_color=&#8221;#00AEEF&#8221; global_colors_info=&#8221;{}&#8221;]<\/p>\n<h2 style=\"text-align: justify;\"><strong>Isolamento em Parede Dupla com Parede Ventilada<\/strong><\/h2>\n<p style=\"text-align: justify;\">As placas <strong>DUROPLAK SUPER PV<\/strong> s\u00e3o fabricadas em EPS de alta densidade e baixa condutibilidade t\u00e9rmica. com encaixe perimetral, s\u00e3o indicadas para fachadas de parede dupla com isolamento interm\u00e9dio, com a c\u00e2mara de ventila\u00e7\u00e3o entre a parede exterior e o painel de isolamento.<\/p>\n<p style=\"text-align: justify;\">Esta \u00e9 mais uma solu\u00e7\u00e3o de isolamento t\u00e9rmico e ac\u00fastico que tem como caracter\u00edstica principal uma ranhura saliente, que garante uma separa\u00e7\u00e3o uniforme entre a placa de isolamento e a parede exterior,permitindo assim a execu\u00e7\u00e3o perfeita de uma c\u00e2mara de ar de ventila\u00e7\u00e3o sem qualquer custos adicionais.<\/p>\n<p style=\"text-align: justify;\"><strong>Aconselhamos<\/strong><\/p>\n<ul style=\"text-align: justify;\">\n<li>Respeitar sempre as instru\u00e7\u00f5es do fabricante<\/li>\n<\/ul>\n<p style=\"text-align: justify;\"><strong>Vantagens<\/strong><\/p>\n<ul>\n<li style=\"text-align: justify;\">Diminui\u00e7\u00e3o do risco de aparecimento de humidades ao permitir a evapora\u00e7\u00e3o de eventuais infiltra\u00e7\u00f5es ou condensa\u00e7\u00f5es.<\/li>\n<\/ul>\n<p>[\/et_pb_text][\/et_pb_column][et_pb_column type=&#8221;1_2&#8243; _builder_version=&#8221;4.16&#8243; _module_preset=&#8221;default&#8221; global_colors_info=&#8221;{}&#8221;][et_pb_image src=&#8221;https:\/\/www.isosfer.pt\/novo\/wp-content\/uploads\/2022\/09\/img_35.jpg&#8221; _builder_version=&#8221;4.18.0&#8243; _module_preset=&#8221;default&#8221; border_width_all=&#8221;2px&#8221; border_color_all=&#8221;#0093DD&#8221; global_colors_info=&#8221;{}&#8221;][\/et_pb_image][\/et_pb_column][\/et_pb_row][et_pb_row column_structure=&#8221;3_4,1_4&#8243; _builder_version=&#8221;4.19.0&#8243; _module_preset=&#8221;default&#8221; global_colors_info=&#8221;{}&#8221;][et_pb_column type=&#8221;3_4&#8243; _builder_version=&#8221;4.19.0&#8243; _module_preset=&#8221;default&#8221; global_colors_info=&#8221;{}&#8221;][et_pb_image src=&#8221;https:\/\/www.isosfer.pt\/novo\/wp-content\/uploads\/2022\/11\/img_placas-para-parede-dupla-com-parede-ventilada.jpg&#8221; _builder_version=&#8221;4.19.0&#8243; _module_preset=&#8221;default&#8221; global_colors_info=&#8221;{}&#8221;][\/et_pb_image][\/et_pb_column][et_pb_column type=&#8221;1_4&#8243; _builder_version=&#8221;4.19.0&#8243; _module_preset=&#8221;default&#8221; global_colors_info=&#8221;{}&#8221;][et_pb_image src=&#8221;https:\/\/www.isosfer.pt\/novo\/wp-content\/uploads\/2022\/11\/icon_qualidade.jpg&#8221; _builder_version=&#8221;4.19.0&#8243; _module_preset=&#8221;default&#8221; global_colors_info=&#8221;{}&#8221;][\/et_pb_image][\/et_pb_column][\/et_pb_row][\/et_pb_section]<\/p>\n","protected":false},"excerpt":{"rendered":"<p>Isolamento de ParedesAs Placas GEDPLAK, ISOPLAK, TERMOPLAK e DUROPLAK em EPS, s\u00e3o indicadas para isolamentos diversos na constru\u00e7\u00e3o civil.Isolamento Exterior O isolamento pelo t\u00e9rmico pelo exterior, \u00e9 constitu\u00eddo por uma camada de EPS colada, ou de prefer\u00eancia pregada com buchas e revistada por rebocos sint\u00e9ticos armados com rede em fibra de vidro. utilizar em constru\u00e7\u00f5es [&hellip;]<\/p>\n","protected":false},"author":2,"featured_media":0,"parent":0,"menu_order":0,"comment_status":"closed","ping_status":"closed","template":"","meta":{"_et_pb_use_builder":"on","_et_pb_old_content":"","_et_gb_content_width":"","footnotes":""},"class_list":["post-805","page","type-page","status-publish","hentry"],"_links":{"self":[{"href":"https:\/\/www.isosfer.pt\/index.php?rest_route=\/wp\/v2\/pages\/805","targetHints":{"allow":["GET"]}}],"collection":[{"href":"https:\/\/www.isosfer.pt\/index.php?rest_route=\/wp\/v2\/pages"}],"about":[{"href":"https:\/\/www.isosfer.pt\/index.php?rest_route=\/wp\/v2\/types\/page"}],"author":[{"embeddable":true,"href":"https:\/\/www.isosfer.pt\/index.php?rest_route=\/wp\/v2\/users\/2"}],"replies":[{"embeddable":true,"href":"https:\/\/www.isosfer.pt\/index.php?rest_route=%2Fwp%2Fv2%2Fcomments&post=805"}],"version-history":[{"count":25,"href":"https:\/\/www.isosfer.pt\/index.php?rest_route=\/wp\/v2\/pages\/805\/revisions"}],"predecessor-version":[{"id":1099,"href":"https:\/\/www.isosfer.pt\/index.php?rest_route=\/wp\/v2\/pages\/805\/revisions\/1099"}],"wp:attachment":[{"href":"https:\/\/www.isosfer.pt\/index.php?rest_route=%2Fwp%2Fv2%2Fmedia&parent=805"}],"curies":[{"name":"wp","href":"https:\/\/api.w.org\/{rel}","templated":true}]}}