{"id":759,"date":"2022-09-19T14:20:30","date_gmt":"2022-09-19T14:20:30","guid":{"rendered":"https:\/\/www.isosfer.pt\/novo\/?page_id=759"},"modified":"2022-11-22T15:25:53","modified_gmt":"2022-11-22T15:25:53","slug":"solucoes-para-a-industria-e-obras-de-arte","status":"publish","type":"page","link":"https:\/\/www.isosfer.pt\/?page_id=759","title":{"rendered":"Solu\u00e7\u00f5es para a Ind\u00fastria e Obras de Arte"},"content":{"rendered":"<p>[et_pb_section fb_built=&#8221;1&#8243; admin_label=&#8221;Category Search Section&#8221; _builder_version=&#8221;4.16&#8243; custom_padding=&#8221;||||false|false&#8221; locked=&#8221;off&#8221; global_colors_info=&#8221;{}&#8221;][et_pb_row admin_label=&#8221;Category Search Title Area&#8221; _builder_version=&#8221;4.16&#8243; locked=&#8221;off&#8221; global_colors_info=&#8221;{}&#8221;][et_pb_column type=&#8221;4_4&#8243; _builder_version=&#8221;4.16&#8243; custom_padding=&#8221;|||&#8221; global_colors_info=&#8221;{}&#8221; custom_padding__hover=&#8221;|||&#8221;][et_pb_text admin_label=&#8221;Title&#8221; _builder_version=&#8221;4.16&#8243; text_font=&#8221;||||||||&#8221; header_font=&#8221;||||||||&#8221; header_2_font=&#8221;Nunito||||||||&#8221; header_2_text_align=&#8221;center&#8221; header_2_text_color=&#8221;#263954&#8243; header_2_font_size=&#8221;36px&#8221; header_2_line_height=&#8221;1.4em&#8221; custom_margin=&#8221;||5px|&#8221; animation_style=&#8221;fold&#8221; animation_direction=&#8221;bottom&#8221; animation_intensity_fold=&#8221;20%&#8221; animation_starting_opacity=&#8221;100%&#8221; global_colors_info=&#8221;{}&#8221;]<\/p>\n<h2>Solu\u00e7\u00f5es para a Ind\u00fastria e Obras de Arte<\/h2>\n<p>[\/et_pb_text][et_pb_divider color=&#8221;#0093DD&#8221; divider_position=&#8221;center&#8221; divider_weight=&#8221;2px&#8221; _builder_version=&#8221;4.16&#8243; max_width=&#8221;50px&#8221; module_alignment=&#8221;center&#8221; global_colors_info=&#8221;{}&#8221;][\/et_pb_divider][\/et_pb_column][\/et_pb_row][et_pb_row _builder_version=&#8221;4.18.0&#8243; _module_preset=&#8221;default&#8221; global_colors_info=&#8221;{}&#8221;][et_pb_column type=&#8221;4_4&#8243; _builder_version=&#8221;4.18.0&#8243; _module_preset=&#8221;default&#8221; global_colors_info=&#8221;{}&#8221;][et_pb_text _builder_version=&#8221;4.19.0&#8243; _module_preset=&#8221;default&#8221; hover_enabled=&#8221;0&#8243; global_colors_info=&#8221;{}&#8221; sticky_enabled=&#8221;0&#8243;]<\/p>\n<p>Na Isosfer temos instaladas uma vasta linha de m\u00e1quinas que permitem disponibilizar \u00e0 ind\u00fastria um vasto leque de solu\u00e7\u00f5es.<\/p>\n<p>Por encomenda fabricamos:<\/p>\n<ul>\n<li>Paralelep\u00edpedos<\/li>\n<li>Cubos<\/li>\n<li>Cilindros para Enchimento<\/li>\n<li>Prumos<\/li>\n<li>Placas Onduladas para Coberturas<\/li>\n<li>Cantos para prote\u00e7\u00e3o<\/li>\n<li>Cantoneiras para prote\u00e7\u00e3o<\/li>\n<li>Coquilhas para revestimentos de tubos<\/li>\n<\/ul>\n<p>E muitas outras Solu\u00e7\u00f5es \u00e0 Medida<\/p>\n<p>[\/et_pb_text][\/et_pb_column][\/et_pb_row][\/et_pb_section]<\/p>\n","protected":false},"excerpt":{"rendered":"<p>Solu\u00e7\u00f5es para a Ind\u00fastria e Obras de ArteNa Isosfer temos instaladas uma vasta linha de m\u00e1quinas que permitem disponibilizar \u00e0 ind\u00fastria um vasto leque de solu\u00e7\u00f5es. Por encomenda fabricamos: Paralelep\u00edpedos Cubos Cilindros para Enchimento Prumos Placas Onduladas para Coberturas Cantos para prote\u00e7\u00e3o Cantoneiras para prote\u00e7\u00e3o Coquilhas para revestimentos de tubos E muitas outras Solu\u00e7\u00f5es \u00e0 [&hellip;]<\/p>\n","protected":false},"author":2,"featured_media":0,"parent":0,"menu_order":0,"comment_status":"closed","ping_status":"closed","template":"","meta":{"_et_pb_use_builder":"on","_et_pb_old_content":"","_et_gb_content_width":"","footnotes":""},"class_list":["post-759","page","type-page","status-publish","hentry"],"_links":{"self":[{"href":"https:\/\/www.isosfer.pt\/index.php?rest_route=\/wp\/v2\/pages\/759","targetHints":{"allow":["GET"]}}],"collection":[{"href":"https:\/\/www.isosfer.pt\/index.php?rest_route=\/wp\/v2\/pages"}],"about":[{"href":"https:\/\/www.isosfer.pt\/index.php?rest_route=\/wp\/v2\/types\/page"}],"author":[{"embeddable":true,"href":"https:\/\/www.isosfer.pt\/index.php?rest_route=\/wp\/v2\/users\/2"}],"replies":[{"embeddable":true,"href":"https:\/\/www.isosfer.pt\/index.php?rest_route=%2Fwp%2Fv2%2Fcomments&post=759"}],"version-history":[{"count":4,"href":"https:\/\/www.isosfer.pt\/index.php?rest_route=\/wp\/v2\/pages\/759\/revisions"}],"predecessor-version":[{"id":1053,"href":"https:\/\/www.isosfer.pt\/index.php?rest_route=\/wp\/v2\/pages\/759\/revisions\/1053"}],"wp:attachment":[{"href":"https:\/\/www.isosfer.pt\/index.php?rest_route=%2Fwp%2Fv2%2Fmedia&parent=759"}],"curies":[{"name":"wp","href":"https:\/\/api.w.org\/{rel}","templated":true}]}}