{"id":736,"date":"2022-09-19T12:07:22","date_gmt":"2022-09-19T12:07:22","guid":{"rendered":"https:\/\/www.isosfer.pt\/novo\/?page_id=736"},"modified":"2022-09-20T10:02:52","modified_gmt":"2022-09-20T10:02:52","slug":"sustentabilidade","status":"publish","type":"page","link":"https:\/\/www.isosfer.pt\/?page_id=736","title":{"rendered":"Sustentabilidade"},"content":{"rendered":"<p>[et_pb_section fb_built=&#8221;1&#8243; admin_label=&#8221;Category Search Section&#8221; _builder_version=&#8221;4.16&#8243; custom_padding=&#8221;||||false|false&#8221; locked=&#8221;off&#8221; global_colors_info=&#8221;{}&#8221;][et_pb_row admin_label=&#8221;Category Search Title Area&#8221; _builder_version=&#8221;4.16&#8243; locked=&#8221;off&#8221; global_colors_info=&#8221;{}&#8221;][et_pb_column type=&#8221;4_4&#8243; _builder_version=&#8221;4.16&#8243; custom_padding=&#8221;|||&#8221; global_colors_info=&#8221;{}&#8221; custom_padding__hover=&#8221;|||&#8221;][et_pb_text admin_label=&#8221;Title&#8221; _builder_version=&#8221;4.18.0&#8243; text_font=&#8221;||||||||&#8221; header_font=&#8221;||||||||&#8221; header_2_font=&#8221;Nunito||||||||&#8221; header_2_text_align=&#8221;center&#8221; header_2_text_color=&#8221;#263954&#8243; header_2_font_size=&#8221;36px&#8221; header_2_line_height=&#8221;1.4em&#8221; custom_margin=&#8221;||5px|&#8221; animation_style=&#8221;fold&#8221; animation_direction=&#8221;bottom&#8221; animation_intensity_fold=&#8221;20%&#8221; animation_starting_opacity=&#8221;100%&#8221; global_colors_info=&#8221;{}&#8221;]<\/p>\n<h2>O Nosso Compromisso com a Sustentabilidade<\/h2>\n<p>[\/et_pb_text][et_pb_divider color=&#8221;#0093DD&#8221; divider_position=&#8221;center&#8221; divider_weight=&#8221;2px&#8221; _builder_version=&#8221;4.16&#8243; max_width=&#8221;50px&#8221; module_alignment=&#8221;center&#8221; global_colors_info=&#8221;{}&#8221;][\/et_pb_divider][\/et_pb_column][\/et_pb_row][et_pb_row _builder_version=&#8221;4.18.0&#8243; _module_preset=&#8221;default&#8221; global_colors_info=&#8221;{}&#8221;][et_pb_column type=&#8221;4_4&#8243; _builder_version=&#8221;4.18.0&#8243; _module_preset=&#8221;default&#8221; global_colors_info=&#8221;{}&#8221;][et_pb_text _builder_version=&#8221;4.18.0&#8243; _module_preset=&#8221;default&#8221; hover_enabled=&#8221;0&#8243; sticky_enabled=&#8221;0&#8243;]<\/p>\n<p style=\"text-align: justify;\"><em>Desenvolvimento Sustent\u00e1vel \u2013 O desenvolvimento que procura satisfazer as necessidades do presente sem comprometer a capacidade das gera\u00e7\u00f5es futuras satisfazerem as suas pr\u00f3prias necessidades. (Our Common Future, 1987)<\/em><\/p>\n<p style=\"text-align: justify;\">Na Isosfer estamos comprometidos com o desenvolvimento sustent\u00e1vel.<br \/>Criamos e desenvolvemos produtos de reduzida pegada carb\u00f3nica.<br \/>Otimiz\u00e1mos a nossa produ\u00e7\u00e3o e os nossos produtos em linha com os princ\u00edpios da Economia Circular, com um EcoBalan\u00e7o muito positivo.<br \/>Possu\u00edmos uma gest\u00e3o de res\u00edduos eco eficiente, com aus\u00eancia de res\u00edduos s\u00f3lidos, apostando num grande grau de Reutiliza\u00e7\u00e3o e de encaminhamento para a Reciclagem.<br \/>Temos uma produ\u00e7\u00e3o limpa, sem emiss\u00f5es contaminantes para a atmosfera.<br \/>Estamos firmemente empenhados em continuar a oferecer produtos e solu\u00e7\u00f5es de redu\u00e7\u00e3o energ\u00e9tica no isolamento, de aligeiramento de cargas e de elevada efici\u00eancia t\u00e9rmica e ac\u00fastica.<\/p>\n<p>[\/et_pb_text][\/et_pb_column][\/et_pb_row][et_pb_row admin_label=&#8221;Category Search Title Area&#8221; _builder_version=&#8221;4.16&#8243; locked=&#8221;off&#8221; global_colors_info=&#8221;{}&#8221;][et_pb_column type=&#8221;4_4&#8243; _builder_version=&#8221;4.16&#8243; custom_padding=&#8221;|||&#8221; global_colors_info=&#8221;{}&#8221; custom_padding__hover=&#8221;|||&#8221;][et_pb_text admin_label=&#8221;Title&#8221; _builder_version=&#8221;4.18.0&#8243; text_font=&#8221;||||||||&#8221; header_font=&#8221;||||||||&#8221; header_2_font=&#8221;Nunito||||||||&#8221; header_2_text_align=&#8221;center&#8221; header_2_text_color=&#8221;#263954&#8243; header_2_font_size=&#8221;36px&#8221; header_2_line_height=&#8221;1.4em&#8221; custom_margin=&#8221;||5px|&#8221; animation_style=&#8221;fold&#8221; animation_direction=&#8221;bottom&#8221; animation_intensity_fold=&#8221;20%&#8221; animation_starting_opacity=&#8221;100%&#8221; global_colors_info=&#8221;{}&#8221;]<\/p>\n<h2>Uma empresa Eco Eficiente<\/h2>\n<p>[\/et_pb_text][et_pb_divider color=&#8221;#0093DD&#8221; divider_position=&#8221;center&#8221; divider_weight=&#8221;2px&#8221; _builder_version=&#8221;4.16&#8243; max_width=&#8221;50px&#8221; module_alignment=&#8221;center&#8221; global_colors_info=&#8221;{}&#8221;][\/et_pb_divider][\/et_pb_column][\/et_pb_row][et_pb_row _builder_version=&#8221;4.18.0&#8243; _module_preset=&#8221;default&#8221; global_colors_info=&#8221;{}&#8221;][et_pb_column type=&#8221;4_4&#8243; _builder_version=&#8221;4.18.0&#8243; _module_preset=&#8221;default&#8221; global_colors_info=&#8221;{}&#8221;][et_pb_text _builder_version=&#8221;4.18.0&#8243; _module_preset=&#8221;default&#8221; hover_enabled=&#8221;0&#8243; sticky_enabled=&#8221;0&#8243;]<\/p>\n<p style=\"text-align: justify;\">A Isosfer \u00e9 uma empresa Eco-Eficiente com uma reduzida pegada carb\u00f3nica.<\/p>\n<p style=\"text-align: justify;\">Fazemos um aproveitamento eficiente dos recursos naturais. Por exemplo uma moradia isolada com placas de EPS pode poupar combust\u00edvel para aquecimento (ao longo de 50 anos) numa quantidade equivalente de petr\u00f3leo 150 vezes superior \u00e0 necess\u00e1ria para a produ\u00e7\u00e3o das placas de EPS (\u201cEPS &amp; The Environement\u201d EUMEPS).<\/p>\n<p style=\"text-align: justify;\">No processo de transforma\u00e7\u00e3o utilizamos tecnologia limpa, temos um baixo consumo de \u00e1gua e aus\u00eancia quer de res\u00edduos s\u00f3lidos quer de emiss\u00f5es contaminantes para a atmosfera.<\/p>\n<p>[\/et_pb_text][\/et_pb_column][\/et_pb_row][et_pb_row admin_label=&#8221;Category Search Title Area&#8221; _builder_version=&#8221;4.16&#8243; locked=&#8221;off&#8221; global_colors_info=&#8221;{}&#8221;][et_pb_column type=&#8221;4_4&#8243; _builder_version=&#8221;4.16&#8243; custom_padding=&#8221;|||&#8221; global_colors_info=&#8221;{}&#8221; custom_padding__hover=&#8221;|||&#8221;][et_pb_text admin_label=&#8221;Title&#8221; _builder_version=&#8221;4.18.0&#8243; text_font=&#8221;||||||||&#8221; header_font=&#8221;||||||||&#8221; header_2_font=&#8221;Nunito||||||||&#8221; header_2_text_align=&#8221;center&#8221; header_2_text_color=&#8221;#263954&#8243; header_2_font_size=&#8221;36px&#8221; header_2_line_height=&#8221;1.4em&#8221; custom_margin=&#8221;||5px|&#8221; animation_style=&#8221;fold&#8221; animation_direction=&#8221;bottom&#8221; animation_intensity_fold=&#8221;20%&#8221; animation_starting_opacity=&#8221;100%&#8221; global_colors_info=&#8221;{}&#8221;]<\/p>\n<h2>A Nossa Pegada Ecol\u00f3gica<\/h2>\n<p>[\/et_pb_text][et_pb_divider color=&#8221;#0093DD&#8221; divider_position=&#8221;center&#8221; divider_weight=&#8221;2px&#8221; _builder_version=&#8221;4.18.0&#8243; max_width=&#8221;50px&#8221; module_alignment=&#8221;center&#8221; global_colors_info=&#8221;{}&#8221;][\/et_pb_divider][\/et_pb_column][\/et_pb_row][et_pb_row column_structure=&#8221;3_5,2_5&#8243; _builder_version=&#8221;4.18.0&#8243; _module_preset=&#8221;default&#8221; global_colors_info=&#8221;{}&#8221;][et_pb_column type=&#8221;3_5&#8243; _builder_version=&#8221;4.18.0&#8243; _module_preset=&#8221;default&#8221; global_colors_info=&#8221;{}&#8221;][et_pb_text _builder_version=&#8221;4.18.0&#8243; _module_preset=&#8221;default&#8221; global_colors_info=&#8221;{}&#8221;]<\/p>\n<h2 style=\"text-align: justify;\"><strong>\u00c1GUA I<\/strong><\/h2>\n<p style=\"text-align: justify;\">\u201c<em>A \u00e1gua \u00e9 um recurso natural essencial para vida. Por\u00e9m, com o passar dos anos a sociedade foi usando a \u00e1gua cada vez mais sem a consci\u00eancia de que um dia ela pode acabar, seja em virtude da polui\u00e7\u00e3o, da degrada\u00e7\u00e3o ambiental e das mudan\u00e7as clim\u00e1ticas, provocada pelas atividades humanas.<\/em>\u201d<br \/>Na ISOFER<br \/>Estamos comprometidos com o uso respons\u00e1vel da \u00e1gua.<br \/>Reutilizamos toda a \u00e1gua do nosso processo produtivo.<\/p>\n<p>[\/et_pb_text][\/et_pb_column][et_pb_column type=&#8221;2_5&#8243; _builder_version=&#8221;4.18.0&#8243; _module_preset=&#8221;default&#8221; global_colors_info=&#8221;{}&#8221;][et_pb_image src=&#8221;https:\/\/www.isosfer.pt\/novo\/wp-content\/uploads\/2022\/09\/Agua-I.jpg&#8221; _builder_version=&#8221;4.18.0&#8243; _module_preset=&#8221;default&#8221; border_width_all=&#8221;2px&#8221; border_color_all=&#8221;#0093DD&#8221; global_colors_info=&#8221;{}&#8221;][\/et_pb_image][\/et_pb_column][\/et_pb_row][et_pb_row column_structure=&#8221;3_5,2_5&#8243; admin_label=&#8221;Category Search Title Area&#8221; _builder_version=&#8221;4.16&#8243; locked=&#8221;off&#8221; global_colors_info=&#8221;{}&#8221;][et_pb_column type=&#8221;3_5&#8243; _builder_version=&#8221;4.16&#8243; custom_padding=&#8221;|||&#8221; global_colors_info=&#8221;{}&#8221; custom_padding__hover=&#8221;|||&#8221;][et_pb_text _builder_version=&#8221;4.18.0&#8243; _module_preset=&#8221;default&#8221; global_colors_info=&#8221;{}&#8221;]<\/p>\n<h2 style=\"text-align: justify;\"><strong>\u00c1GUA II<\/strong><\/h2>\n<p style=\"text-align: justify;\">\u201c<em>O volume de \u00e1gua no planeta \u00e9 est\u00e1vel, mas a sua disponibilidade varia bastante, de acordo com a regi\u00e3o. Cerca de 97,5% de toda \u00e1gua na Terra \u00e9 salgada. Apenas 2,5% \u00e9 doce, sendo que desta parcela, 1,72% est\u00e1 congelada nos polos Sul e Norte e geleiras no alto de montanhas e 0,75% s\u00e3o \u00e1guas subterr\u00e2neas. Faz parte da constitui\u00e7\u00e3o das plantas e animais, 0,02%, restando apenas 0,01% de toda \u00e1gua do planeta dispon\u00edvel em rios, lagos e represas.<\/em>\u201d<br \/>Na ISOFER<br \/>Estamos comprometidos com o uso respons\u00e1vel da \u00e1gua.<br \/>Fazemos aproveitamento das \u00e1guas da chuva que cai nos nossos telhados.<\/p>\n<p>[\/et_pb_text][\/et_pb_column][et_pb_column type=&#8221;2_5&#8243; _builder_version=&#8221;4.16&#8243; custom_padding=&#8221;|||&#8221; global_colors_info=&#8221;{}&#8221; custom_padding__hover=&#8221;|||&#8221;][et_pb_image src=&#8221;https:\/\/www.isosfer.pt\/novo\/wp-content\/uploads\/2022\/09\/Agua-II.jpg&#8221; _builder_version=&#8221;4.18.0&#8243; _module_preset=&#8221;default&#8221; border_width_all=&#8221;2px&#8221; border_color_all=&#8221;#0093DD&#8221; global_colors_info=&#8221;{}&#8221;][\/et_pb_image][\/et_pb_column][\/et_pb_row][et_pb_row column_structure=&#8221;3_5,2_5&#8243; admin_label=&#8221;Category Search Title Area&#8221; _builder_version=&#8221;4.18.0&#8243; locked=&#8221;off&#8221; global_colors_info=&#8221;{}&#8221;][et_pb_column type=&#8221;3_5&#8243; _builder_version=&#8221;4.16&#8243; custom_padding=&#8221;|||&#8221; global_colors_info=&#8221;{}&#8221; custom_padding__hover=&#8221;|||&#8221;][et_pb_text _builder_version=&#8221;4.18.0&#8243; _module_preset=&#8221;default&#8221; global_colors_info=&#8221;{}&#8221;]<\/p>\n<h2 style=\"text-align: justify;\"><strong>Cart\u00e3o<\/strong><\/h2>\n<p style=\"text-align: justify;\"><em>\u201cA reutiliza\u00e7\u00e3o do papel \u00e9 essencial para a preserva\u00e7\u00e3o ambiental. Cuidar do planeta e proteger os recursos naturais \u00e9 uma responsabilidade de todos. Afinal, al\u00e9m de ser nossa casa, a Terra \u00e9 tamb\u00e9m onde ir\u00e3o morar nossos filhos, netos e bisnetos<\/em>.\u201d<br \/>Na ISOFER estamos comprometidos com a reciclagem do papel e cart\u00e3o.<br \/>Todo o nosso cart\u00e3o \u00e9 entregue para a reciclagem.<\/p>\n<p>[\/et_pb_text][\/et_pb_column][et_pb_column type=&#8221;2_5&#8243; _builder_version=&#8221;4.16&#8243; custom_padding=&#8221;|||&#8221; global_colors_info=&#8221;{}&#8221; custom_padding__hover=&#8221;|||&#8221;][et_pb_image src=&#8221;https:\/\/www.isosfer.pt\/novo\/wp-content\/uploads\/2022\/09\/Cartao.jpg&#8221; _builder_version=&#8221;4.18.0&#8243; _module_preset=&#8221;default&#8221; border_width_all=&#8221;2px&#8221; border_color_all=&#8221;#0093DD&#8221; global_colors_info=&#8221;{}&#8221;][\/et_pb_image][\/et_pb_column][\/et_pb_row][et_pb_row column_structure=&#8221;3_5,2_5&#8243; admin_label=&#8221;Category Search Title Area&#8221; _builder_version=&#8221;4.18.0&#8243; locked=&#8221;off&#8221; global_colors_info=&#8221;{}&#8221;][et_pb_column type=&#8221;3_5&#8243; _builder_version=&#8221;4.16&#8243; custom_padding=&#8221;|||&#8221; global_colors_info=&#8221;{}&#8221; custom_padding__hover=&#8221;|||&#8221;][et_pb_text _builder_version=&#8221;4.18.0&#8243; _module_preset=&#8221;default&#8221; global_colors_info=&#8221;{}&#8221;]<\/p>\n<h2 style=\"text-align: justify;\"><strong>Pl\u00e1stico<\/strong><\/h2>\n<p style=\"text-align: justify;\"><em>Atrav\u00e9s da reciclagem dos materiais pl\u00e1sticos, n\u00e3o s\u00f3 contribu\u00edmos para a sustentabilidade ambiental, mas tamb\u00e9m incentivamos a economia circular e damos nova vida aos res\u00edduos. Estes s\u00e3o apenas alguns dos benef\u00edcios, tang\u00edveis e intang\u00edveis, que recompensam, para todos os efeitos, os nossos esfor\u00e7os di\u00e1rios:<\/em><br \/><em>Fornece \u00e0 ind\u00fastria uma fonte sustent\u00e1vel de mat\u00e9rias<\/em><br \/><em>Reduz consideravelmente o impacto ambiental (especificamente CO\u2082) dos produtos pl\u00e1sticos<\/em><br \/><em>Minimiza a quantidade de pl\u00e1stico enviado para aterros<\/em><br \/><em>Limita o consumo das reservas petrol\u00edferas do planeta<\/em><br \/><em>Implica um menor consumo de energia em compara\u00e7\u00e3o com a produ\u00e7\u00e3o de novos pol\u00edmeros virgens<\/em><br \/><em>Contribui para a sensibiliza\u00e7\u00e3o da popula\u00e7\u00e3o mundial e o desenvolvimento de comportamentos corretos e a\u00e7\u00f5es eficazes para a redu\u00e7\u00e3o do impacto humano em geral sobre e o ambiente.<br \/><\/em>Na ISOSFER estamos comprometidos com a reciclagem do pl\u00e1stico.<br \/>Todo o nosso pl\u00e1stico \u00e9 entregue para a reciclagem.<em><br \/><\/em><\/p>\n<p>[\/et_pb_text][\/et_pb_column][et_pb_column type=&#8221;2_5&#8243; _builder_version=&#8221;4.16&#8243; custom_padding=&#8221;|||&#8221; global_colors_info=&#8221;{}&#8221; custom_padding__hover=&#8221;|||&#8221;][et_pb_image src=&#8221;https:\/\/www.isosfer.pt\/novo\/wp-content\/uploads\/2022\/09\/Plastico.jpg&#8221; _builder_version=&#8221;4.18.0&#8243; _module_preset=&#8221;default&#8221; border_width_all=&#8221;2px&#8221; border_color_all=&#8221;#0093DD&#8221; global_colors_info=&#8221;{}&#8221;][\/et_pb_image][\/et_pb_column][\/et_pb_row][et_pb_row column_structure=&#8221;3_5,2_5&#8243; admin_label=&#8221;Category Search Title Area&#8221; _builder_version=&#8221;4.18.0&#8243; locked=&#8221;off&#8221; global_colors_info=&#8221;{}&#8221;][et_pb_column type=&#8221;3_5&#8243; _builder_version=&#8221;4.16&#8243; custom_padding=&#8221;|||&#8221; global_colors_info=&#8221;{}&#8221; custom_padding__hover=&#8221;|||&#8221;][et_pb_text _builder_version=&#8221;4.18.0&#8243; _module_preset=&#8221;default&#8221; global_colors_info=&#8221;{}&#8221;]<\/p>\n<h2 style=\"text-align: justify;\"><strong>Embalagens<\/strong><\/h2>\n<p style=\"text-align: justify;\"><em>\u201cAo reutilizar estamos contribuindo para minimizar a retirada de mat\u00e9ria-prima da natureza e reduzir a quantidade de \u00e1gua e energia necess\u00e1ria \u00e0 fabrica\u00e7\u00e3o de novos bens de consumo. Al\u00e9m disso, essa pr\u00e1tica reduz o volume de res\u00edduos e do lixo depositados no meio ambiente, contribuindo para a preserva\u00e7\u00e3o ambiental e para a melhoria na qualidade de vida da popula\u00e7\u00e3o.\u201c<br \/><\/em>Na ISOSFER estamos comprometidos com a reutiliza\u00e7\u00e3o.<br \/>Todas as nossas embalagens s\u00e3o inseridas na ind\u00fastria para sua reutiliza\u00e7\u00e3o futura.<em><br \/><\/em><\/p>\n<p>[\/et_pb_text][\/et_pb_column][et_pb_column type=&#8221;2_5&#8243; _builder_version=&#8221;4.16&#8243; custom_padding=&#8221;|||&#8221; global_colors_info=&#8221;{}&#8221; custom_padding__hover=&#8221;|||&#8221;][et_pb_image src=&#8221;https:\/\/www.isosfer.pt\/novo\/wp-content\/uploads\/2022\/09\/Embalagens.jpg&#8221; _builder_version=&#8221;4.18.0&#8243; _module_preset=&#8221;default&#8221; border_width_all=&#8221;2px&#8221; border_color_all=&#8221;#0093DD&#8221; global_colors_info=&#8221;{}&#8221;][\/et_pb_image][\/et_pb_column][\/et_pb_row][et_pb_row column_structure=&#8221;3_5,2_5&#8243; admin_label=&#8221;Category Search Title Area&#8221; _builder_version=&#8221;4.18.0&#8243; locked=&#8221;off&#8221; global_colors_info=&#8221;{}&#8221;][et_pb_column type=&#8221;3_5&#8243; _builder_version=&#8221;4.16&#8243; custom_padding=&#8221;|||&#8221; global_colors_info=&#8221;{}&#8221; custom_padding__hover=&#8221;|||&#8221;][et_pb_text _builder_version=&#8221;4.18.0&#8243; _module_preset=&#8221;default&#8221; global_colors_info=&#8221;{}&#8221;]<\/p>\n<h2 style=\"text-align: justify;\"><strong>Paletes<\/strong><\/h2>\n<p style=\"text-align: justify;\"><em>\u201cS\u00f3 para se ter uma ideia da import\u00e2ncia da madeira para o meio ambiente, em m\u00e9dia, um metro c\u00fabico desse material absorve 300 kg de carbono. Ent\u00e3o, trata-se na realidade de uma morat\u00f3ria de carbono, cujo tempo depender\u00e1 da vida \u00fatil da madeira. \u00c9 \u00f3bvio que, quanto maior for sua dura\u00e7\u00e3o, maiores ser\u00e3o os benef\u00edcios coletivos em termos de redu\u00e7\u00e3o de gases respons\u00e1veis pelo chamado \u201cefeito estufa\u201d.<br \/><\/em>Na ISOSFER estamos comprometidos com o aumento de vida \u00fatil da madeira.<br \/>Todas as nossas paletes s\u00e3o inseridas na ind\u00fastria para sua reutiliza\u00e7\u00e3o futura.<em><br \/><\/em><em><br \/><\/em><\/p>\n<p>[\/et_pb_text][\/et_pb_column][et_pb_column type=&#8221;2_5&#8243; _builder_version=&#8221;4.16&#8243; custom_padding=&#8221;|||&#8221; global_colors_info=&#8221;{}&#8221; custom_padding__hover=&#8221;|||&#8221;][et_pb_image src=&#8221;https:\/\/www.isosfer.pt\/novo\/wp-content\/uploads\/2022\/09\/Paletes.jpg&#8221; _builder_version=&#8221;4.18.0&#8243; _module_preset=&#8221;default&#8221; border_width_all=&#8221;2px&#8221; border_color_all=&#8221;#0093DD&#8221; global_colors_info=&#8221;{}&#8221;][\/et_pb_image][\/et_pb_column][\/et_pb_row][et_pb_row admin_label=&#8221;Category Search Title Area&#8221; _builder_version=&#8221;4.18.0&#8243; locked=&#8221;off&#8221; global_colors_info=&#8221;{}&#8221;][et_pb_column type=&#8221;4_4&#8243; _builder_version=&#8221;4.16&#8243; custom_padding=&#8221;|||&#8221; global_colors_info=&#8221;{}&#8221; custom_padding__hover=&#8221;|||&#8221;][et_pb_text _builder_version=&#8221;4.18.0&#8243; _module_preset=&#8221;default&#8221; global_colors_info=&#8221;{}&#8221;]<\/p>\n<h2 style=\"text-align: justify;\"><strong>Energia Sustent\u00e1vel<\/strong><\/h2>\n<p style=\"text-align: justify;\"><em>\u201cQuando o conceito de sustentabilidade \u00e9 aplicado \u00e0s fontes de energia, ele implica o uso de elementos limpos e renov\u00e1veis. Isso significa que essas fontes de energia n\u00e3o geram contamina\u00e7\u00f5es quando usadas e que se reabastecem naturalmente. \u201c<br \/><strong>Na ISOSFER estamos comprometidos com os princ\u00edpios da energia sustent\u00e1vel.<\/strong><\/em><br \/><span style=\"text-decoration: underline;\">Investimos em pain\u00e9is fotovoltaicos<\/span> nos locais de fabrica\u00e7\u00e3o, pretendendo reduzir nossa depend\u00eancia de combust\u00edveis f\u00f3sseis e reduzir as emiss\u00f5es de gases de efeito estufa.<em><br \/><\/em><em><br \/><\/em><em><br \/><\/em><\/p>\n<p>[\/et_pb_text][\/et_pb_column][\/et_pb_row][\/et_pb_section]<\/p>\n","protected":false},"excerpt":{"rendered":"<p>O Nosso Compromisso com a SustentabilidadeDesenvolvimento Sustent\u00e1vel \u2013 O desenvolvimento que procura satisfazer as necessidades do presente sem comprometer a capacidade das gera\u00e7\u00f5es futuras satisfazerem as suas pr\u00f3prias necessidades. (Our Common Future, 1987) Na Isosfer estamos comprometidos com o desenvolvimento sustent\u00e1vel.Criamos e desenvolvemos produtos de reduzida pegada carb\u00f3nica.Otimiz\u00e1mos a nossa produ\u00e7\u00e3o e os nossos produtos [&hellip;]<\/p>\n","protected":false},"author":2,"featured_media":0,"parent":0,"menu_order":0,"comment_status":"closed","ping_status":"closed","template":"","meta":{"_et_pb_use_builder":"on","_et_pb_old_content":"","_et_gb_content_width":"","footnotes":""},"class_list":["post-736","page","type-page","status-publish","hentry"],"_links":{"self":[{"href":"https:\/\/www.isosfer.pt\/index.php?rest_route=\/wp\/v2\/pages\/736","targetHints":{"allow":["GET"]}}],"collection":[{"href":"https:\/\/www.isosfer.pt\/index.php?rest_route=\/wp\/v2\/pages"}],"about":[{"href":"https:\/\/www.isosfer.pt\/index.php?rest_route=\/wp\/v2\/types\/page"}],"author":[{"embeddable":true,"href":"https:\/\/www.isosfer.pt\/index.php?rest_route=\/wp\/v2\/users\/2"}],"replies":[{"embeddable":true,"href":"https:\/\/www.isosfer.pt\/index.php?rest_route=%2Fwp%2Fv2%2Fcomments&post=736"}],"version-history":[{"count":8,"href":"https:\/\/www.isosfer.pt\/index.php?rest_route=\/wp\/v2\/pages\/736\/revisions"}],"predecessor-version":[{"id":861,"href":"https:\/\/www.isosfer.pt\/index.php?rest_route=\/wp\/v2\/pages\/736\/revisions\/861"}],"wp:attachment":[{"href":"https:\/\/www.isosfer.pt\/index.php?rest_route=%2Fwp%2Fv2%2Fmedia&parent=736"}],"curies":[{"name":"wp","href":"https:\/\/api.w.org\/{rel}","templated":true}]}}