{"id":447,"date":"2022-04-28T15:35:47","date_gmt":"2022-04-28T15:35:47","guid":{"rendered":"https:\/\/www.isosfer.pt\/novo\/?page_id=447"},"modified":"2022-11-22T17:03:25","modified_gmt":"2022-11-22T17:03:25","slug":"betao-leve","status":"publish","type":"page","link":"https:\/\/www.isosfer.pt\/?page_id=447","title":{"rendered":"Granulados e Bet\u00e3o Leve"},"content":{"rendered":"<p>[et_pb_section fb_built=&#8221;1&#8243; admin_label=&#8221;Category Search Section&#8221; _builder_version=&#8221;4.16&#8243; custom_padding=&#8221;||||false|false&#8221; locked=&#8221;off&#8221; global_colors_info=&#8221;{}&#8221;][et_pb_row admin_label=&#8221;Category Search Title Area&#8221; _builder_version=&#8221;4.16&#8243; locked=&#8221;off&#8221; global_colors_info=&#8221;{}&#8221;][et_pb_column type=&#8221;4_4&#8243; _builder_version=&#8221;4.16&#8243; custom_padding=&#8221;|||&#8221; global_colors_info=&#8221;{}&#8221; custom_padding__hover=&#8221;|||&#8221;][et_pb_text admin_label=&#8221;Title&#8221; _builder_version=&#8221;4.16&#8243; text_font=&#8221;||||||||&#8221; header_font=&#8221;||||||||&#8221; header_2_font=&#8221;Nunito||||||||&#8221; header_2_text_align=&#8221;center&#8221; header_2_text_color=&#8221;#263954&#8243; header_2_font_size=&#8221;36px&#8221; header_2_line_height=&#8221;1.4em&#8221; custom_margin=&#8221;||5px|&#8221; animation_style=&#8221;fold&#8221; animation_direction=&#8221;bottom&#8221; animation_intensity_fold=&#8221;20%&#8221; animation_starting_opacity=&#8221;100%&#8221; global_colors_info=&#8221;{}&#8221;]<\/p>\n<h2>Granulados e Bet\u00e3o Leve<\/h2>\n<p>[\/et_pb_text][et_pb_divider color=&#8221;#0093DD&#8221; divider_position=&#8221;center&#8221; divider_weight=&#8221;2px&#8221; _builder_version=&#8221;4.16&#8243; max_width=&#8221;50px&#8221; module_alignment=&#8221;center&#8221; global_colors_info=&#8221;{}&#8221;][\/et_pb_divider][\/et_pb_column][\/et_pb_row][et_pb_row column_structure=&#8221;1_2,1_2&#8243; _builder_version=&#8221;4.18.0&#8243; _module_preset=&#8221;default&#8221; locked=&#8221;off&#8221; global_colors_info=&#8221;{}&#8221;][et_pb_column type=&#8221;1_2&#8243; _builder_version=&#8221;4.16&#8243; _module_preset=&#8221;default&#8221; global_colors_info=&#8221;{}&#8221;][et_pb_text _builder_version=&#8221;4.18.0&#8243; _module_preset=&#8221;default&#8221; global_colors_info=&#8221;{}&#8221;]<\/p>\n<h2 style=\"text-align: justify;\"><strong>Granulado EPS<\/strong><\/h2>\n<p style=\"text-align: justify;\"><strong><\/strong><\/p>\n<p style=\"text-align: justify;\">S\u00e3o pequenas bolas em EPS com di\u00e2metros variados de baixa massa vol\u00famica. <br \/>Produto muito vers\u00e1til potenciando v\u00e1rias solu\u00e7\u00f5es na constru\u00e7\u00e3o, na moda e na bricolage de casa e jardim.<br \/>Os gr\u00e2nulos normais s\u00e3o indicados para isolamento, acondicionamentos e aligeiramento de cargas em lajes de constru\u00e7\u00e3o civil.<br \/>Por encomenda a Isosfer pode fabricar granulado nas cores amarelo, verde, vermelho ou azul.<\/p>\n<p style=\"text-align: justify;\"><strong>Aplica\u00e7\u00e3o na Constru\u00e7\u00e3o Civil, Bet\u00e3o Leve:<\/strong><br \/>O Bet\u00e3o de baixo peso com agregados de part\u00edculas de EPS. \u00c9 um bet\u00e3o extremamente leve e resistente. O EPS tem boa ader\u00eancia ao cimento, misturando-se perfeitamente com os restantes agregados. Como tem uma baixa absor\u00e7\u00e3o de \u00e1gua n\u00e3o altera a oresa do bet\u00e3o.<\/p>\n<p style=\"text-align: justify;\"><strong>Vantagens<\/strong><\/p>\n<ul>\n<li style=\"text-align: justify;\">Redu\u00e7\u00e3o do peso.<\/li>\n<li style=\"text-align: justify;\">Bom isolamento t\u00e9rmico e ac\u00fastico.<\/li>\n<li style=\"text-align: justify;\">M\u00ednima absor\u00e7\u00e3o de \u00e1gua e baix\u00edssima capilaridade.<\/li>\n<li style=\"text-align: justify;\">Bom comportamento mec\u00e2nico quando sujeito a sobrecargas de vibra\u00e7\u00e3o (n\u00e3o se desagrega).<\/li>\n<li style=\"text-align: justify;\">Mant\u00e9m estabilidade de forma com varia\u00e7\u00f5es de temperatura.<\/li>\n<li style=\"text-align: justify;\">N\u00e3o provoca rea\u00e7\u00f5es qu\u00edmicas em contacto com as telas de impermeabiliza\u00e7\u00e3o.<\/li>\n<li style=\"text-align: justify;\">Biologicamente inerte e imputresc\u00edvel, n\u00e3o ganha bolores nem possibilita desenvolvimento de microorganismos.<\/li>\n<li style=\"text-align: justify;\">N\u00e3o se degrada em ambientes de elevada humidade.<\/li>\n<li style=\"text-align: justify;\">N\u00e3o contamina o ambiente nem liberta qualquer tipo de subst\u00e2ncia t\u00f3xica.<\/li>\n<li style=\"text-align: justify;\">Boa op\u00e7\u00e3o para enchimento de puffs.<\/li>\n<\/ul>\n<p>[\/et_pb_text][\/et_pb_column][et_pb_column type=&#8221;1_2&#8243; _builder_version=&#8221;4.16&#8243; _module_preset=&#8221;default&#8221; global_colors_info=&#8221;{}&#8221;][et_pb_image src=&#8221;https:\/\/www.isosfer.pt\/novo\/wp-content\/uploads\/2022\/11\/img_Granulado_EPS2.jpg&#8221; _builder_version=&#8221;4.19.0&#8243; _module_preset=&#8221;default&#8221; border_width_all=&#8221;2px&#8221; border_color_all=&#8221;#0093DD&#8221; global_colors_info=&#8221;{}&#8221;][\/et_pb_image][\/et_pb_column][\/et_pb_row][et_pb_row column_structure=&#8221;1_2,1_2&#8243; _builder_version=&#8221;4.18.0&#8243; _module_preset=&#8221;default&#8221; locked=&#8221;off&#8221; global_colors_info=&#8221;{}&#8221;][et_pb_column type=&#8221;1_2&#8243; _builder_version=&#8221;4.16&#8243; _module_preset=&#8221;default&#8221; global_colors_info=&#8221;{}&#8221;][et_pb_text _builder_version=&#8221;4.19.0&#8243; _module_preset=&#8221;default&#8221; hover_enabled=&#8221;0&#8243; global_colors_info=&#8221;{}&#8221; sticky_enabled=&#8221;0&#8243;]<\/p>\n<h2 style=\"text-align: justify;\"><strong>Granulados Aditivados Polys Beto<\/strong><\/h2>\n<p style=\"text-align: justify;\"><strong>Polysbeto<\/strong><br \/>Os GR\u00c2NULOS ADITIVADOS POLYSBETO\u00ae s\u00e3o aplicados na mistura com bet\u00e3o e assim permitindo uma massa vol\u00famica mais homog\u00e9nea e o aligeiramento de cargas em lajes de constru\u00e7\u00e3o civil.<br \/>O POLYSBETO\u00ae \u00e9 fruto da compet\u00eancia industrial e do Know How adquiridos ap\u00f3s 15 anos, pela equipa da empresa francesa &#8211; Societ\u00e9 des Agregats Artificiels BS Tecnologies (ABS TECNOLOGIES).<br \/>O POLYSBETO\u00ae representa por ano, apenas em Fran\u00e7a, mais de 3 milh\u00f5es de metros quadrados de placas e mais de 7 mil metros c\u00fabicos na constru\u00e7\u00e3o de estradas.<\/p>\n<p style=\"text-align: justify;\">Gra\u00e7as \u00e0 sua pol\u00edtica de exporta\u00e7\u00e3o, o POLYSBETO\u00ae conta, desde 1998, com v\u00e1rios locais de produ\u00e7\u00e3o na Europa.<\/p>\n<p style=\"text-align: justify;\">Em Portugal, a produ\u00e7\u00e3o est\u00e1 exclusivamente a cargo da Isosfer .<\/p>\n<p style=\"text-align: justify;\">POLYSBETO\u00ae \u00e9 um granulado artificial, fabricado a partir do EPS, de cor acastanhada, calibrado e devidamente tratado, que permite aligeirar o bet\u00e3o em 5 vezes o seu peso normal.<\/p>\n<p style=\"text-align: justify;\"><img loading=\"lazy\" decoding=\"async\" src=\"https:\/\/www.isosfer.pt\/novo\/wp-content\/uploads\/2022\/04\/logo_polysbeto-300x90.png\" width=\"300\" height=\"90\" alt=\"\" class=\"wp-image-451 alignnone size-medium\" \/><\/p>\n<p style=\"text-align: justify;\"><strong>Gr\u00e2nulos normais<\/strong><br \/>Os gr\u00e2nulos normais s\u00e3o indicados para isolamentos, acondicionamentos e aligeiramento de cargas em lajes de constru\u00e7\u00e3o civil.<\/p>\n<p style=\"text-align: justify;\"><strong>Caracter\u00edsticas<\/strong><br \/>Massa vol\u00famica de 10 a 30 kg\/m3<br \/>Condutividade t\u00e9rmica \u00fatil 0,045 W\/m\u00baC<br \/>Granometria de 1 a 3.5 mm<br \/>Produto embalado em sacos de 220 e 700 litros<\/p>\n<p style=\"text-align: justify;\"><img loading=\"lazy\" decoding=\"async\" src=\"https:\/\/www.isosfer.pt\/novo\/wp-content\/uploads\/2022\/11\/icon_qualidade.jpg\" width=\"65\" height=\"92\" alt=\"\" class=\"wp-image-1089 alignnone size-full\" \/><\/p>\n<p>[\/et_pb_text][\/et_pb_column][et_pb_column type=&#8221;1_2&#8243; _builder_version=&#8221;4.16&#8243; _module_preset=&#8221;default&#8221; global_colors_info=&#8221;{}&#8221;][et_pb_image src=&#8221;https:\/\/www.isosfer.pt\/novo\/wp-content\/uploads\/2022\/11\/img_polysbeto_tabela.jpg&#8221; align=&#8221;center&#8221; _builder_version=&#8221;4.19.0&#8243; _module_preset=&#8221;default&#8221; hover_enabled=&#8221;0&#8243; global_colors_info=&#8221;{}&#8221; show_in_lightbox=&#8221;on&#8221; sticky_enabled=&#8221;0&#8243;][\/et_pb_image][\/et_pb_column][\/et_pb_row][\/et_pb_section]<\/p>\n","protected":false},"excerpt":{"rendered":"<p>Granulados e Bet\u00e3o LeveGranulado EPS S\u00e3o pequenas bolas em EPS com di\u00e2metros variados de baixa massa vol\u00famica. Produto muito vers\u00e1til potenciando v\u00e1rias solu\u00e7\u00f5es na constru\u00e7\u00e3o, na moda e na bricolage de casa e jardim.Os gr\u00e2nulos normais s\u00e3o indicados para isolamento, acondicionamentos e aligeiramento de cargas em lajes de constru\u00e7\u00e3o civil.Por encomenda a Isosfer pode fabricar [&hellip;]<\/p>\n","protected":false},"author":2,"featured_media":0,"parent":0,"menu_order":0,"comment_status":"closed","ping_status":"closed","template":"","meta":{"_et_pb_use_builder":"on","_et_pb_old_content":"","_et_gb_content_width":"","footnotes":""},"class_list":["post-447","page","type-page","status-publish","hentry"],"_links":{"self":[{"href":"https:\/\/www.isosfer.pt\/index.php?rest_route=\/wp\/v2\/pages\/447","targetHints":{"allow":["GET"]}}],"collection":[{"href":"https:\/\/www.isosfer.pt\/index.php?rest_route=\/wp\/v2\/pages"}],"about":[{"href":"https:\/\/www.isosfer.pt\/index.php?rest_route=\/wp\/v2\/types\/page"}],"author":[{"embeddable":true,"href":"https:\/\/www.isosfer.pt\/index.php?rest_route=\/wp\/v2\/users\/2"}],"replies":[{"embeddable":true,"href":"https:\/\/www.isosfer.pt\/index.php?rest_route=%2Fwp%2Fv2%2Fcomments&post=447"}],"version-history":[{"count":12,"href":"https:\/\/www.isosfer.pt\/index.php?rest_route=\/wp\/v2\/pages\/447\/revisions"}],"predecessor-version":[{"id":1104,"href":"https:\/\/www.isosfer.pt\/index.php?rest_route=\/wp\/v2\/pages\/447\/revisions\/1104"}],"wp:attachment":[{"href":"https:\/\/www.isosfer.pt\/index.php?rest_route=%2Fwp%2Fv2%2Fmedia&parent=447"}],"curies":[{"name":"wp","href":"https:\/\/api.w.org\/{rel}","templated":true}]}}