{"id":204,"date":"2019-03-16T09:57:44","date_gmt":"2019-03-16T09:57:44","guid":{"rendered":"https:\/\/www.isosfer.pt\/novo\/?page_id=204"},"modified":"2022-11-18T15:16:20","modified_gmt":"2022-11-18T15:16:20","slug":"produtos","status":"publish","type":"page","link":"https:\/\/www.isosfer.pt\/?page_id=204","title":{"rendered":"Produtos"},"content":{"rendered":"<p>[et_pb_section fb_built=&#8221;1&#8243; admin_label=&#8221;Category Search Section&#8221; _builder_version=&#8221;4.16&#8243; custom_padding=&#8221;||||false|false&#8221; locked=&#8221;off&#8221; global_colors_info=&#8221;{}&#8221;][et_pb_row admin_label=&#8221;Category Search Title Area&#8221; _builder_version=&#8221;4.16&#8243; locked=&#8221;off&#8221; global_colors_info=&#8221;{}&#8221;][et_pb_column type=&#8221;4_4&#8243; _builder_version=&#8221;4.16&#8243; custom_padding=&#8221;|||&#8221; global_colors_info=&#8221;{}&#8221; custom_padding__hover=&#8221;|||&#8221;][et_pb_text admin_label=&#8221;Title&#8221; _builder_version=&#8221;4.16&#8243; text_font=&#8221;||||||||&#8221; header_font=&#8221;||||||||&#8221; header_2_font=&#8221;Nunito||||||||&#8221; header_2_text_align=&#8221;center&#8221; header_2_text_color=&#8221;#263954&#8243; header_2_font_size=&#8221;36px&#8221; header_2_line_height=&#8221;1.4em&#8221; custom_margin=&#8221;||5px|&#8221; animation_style=&#8221;fold&#8221; animation_direction=&#8221;bottom&#8221; animation_intensity_fold=&#8221;20%&#8221; animation_starting_opacity=&#8221;100%&#8221; global_colors_info=&#8221;{}&#8221;]<\/p>\n<h2>Produtos<\/h2>\n<p>[\/et_pb_text][et_pb_divider color=&#8221;#0093DD&#8221; divider_position=&#8221;center&#8221; divider_weight=&#8221;2px&#8221; _builder_version=&#8221;4.16&#8243; max_width=&#8221;50px&#8221; module_alignment=&#8221;center&#8221; global_colors_info=&#8221;{}&#8221;][\/et_pb_divider][\/et_pb_column][\/et_pb_row][et_pb_row column_structure=&#8221;1_3,1_3,1_3&#8243; admin_label=&#8221;Categories&#8221; _builder_version=&#8221;4.16&#8243; max_width=&#8221;1440px&#8221; custom_padding=&#8221;20px|||&#8221; use_custom_width=&#8221;on&#8221; custom_width_px=&#8221;1440px&#8221; global_colors_info=&#8221;{}&#8221; locked=&#8221;off&#8221;][et_pb_column type=&#8221;1_3&#8243; _builder_version=&#8221;4.16&#8243; custom_padding=&#8221;|||&#8221; global_colors_info=&#8221;{}&#8221; custom_padding__hover=&#8221;|||&#8221;][et_pb_blurb title=&#8221;Isolamento de Paredes&#8221; url=&#8221;https:\/\/www.isosfer.pt\/novo\/?page_id=805&#8243; image=&#8221;https:\/\/www.isosfer.pt\/novo\/wp-content\/uploads\/2022\/11\/img_isolamento_paredes_2.jpg&#8221; admin_label=&#8221;Category&#8221; _builder_version=&#8221;4.19.0&#8243; header_level=&#8221;h3&#8243; header_font=&#8221;Nunito||||||||&#8221; header_text_color=&#8221;#263954&#8243; header_font_size=&#8221;24px&#8221; header_line_height=&#8221;1.3em&#8221; body_font=&#8221;||||||||&#8221; body_font_size=&#8221;15px&#8221; body_line_height=&#8221;1.8em&#8221; animation=&#8221;off&#8221; link_option_url=&#8221;https:\/\/www.isosfer.pt\/novo\/?page_id=805&#8243; border_width_all_image=&#8221;2px&#8221; border_color_all_image=&#8221;#0093DD&#8221; border_radii_image_last_edited=&#8221;off|desktop&#8221; global_colors_info=&#8221;{}&#8221; custom_css_main_element_last_edited=&#8221;off|desktop&#8221; custom_css_main_element__hover_enabled=&#8221;on|hover&#8221; custom_css_main_element_tablet=&#8221;background-size: 100%;||transition: all 0.5s ease;&#8221; custom_css_main_element_phone=&#8221;background-size: 100%;||transition: all 0.5s ease;&#8221; border_radii_image__hover_enabled=&#8221;on|hover&#8221; border_radii_image__hover=&#8221;on||||&#8221;][\/et_pb_blurb][\/et_pb_column][et_pb_column type=&#8221;1_3&#8243; _builder_version=&#8221;4.16&#8243; custom_padding=&#8221;|||&#8221; global_colors_info=&#8221;{}&#8221; custom_padding__hover=&#8221;|||&#8221;][et_pb_blurb title=&#8221;Isolamento de Telhados&#8221; url=&#8221;https:\/\/www.isosfer.pt\/novo\/?page_id=837&#8243; image=&#8221;https:\/\/www.isosfer.pt\/novo\/wp-content\/uploads\/2022\/06\/img_31.jpg&#8221; admin_label=&#8221;Category&#8221; _builder_version=&#8221;4.18.0&#8243; header_level=&#8221;h3&#8243; header_font=&#8221;Nunito||||||||&#8221; header_text_color=&#8221;#263954&#8243; header_font_size=&#8221;24px&#8221; header_line_height=&#8221;1.3em&#8221; body_font=&#8221;||||||||&#8221; body_font_size=&#8221;15px&#8221; body_line_height=&#8221;1.8em&#8221; animation=&#8221;off&#8221; link_option_url=&#8221;https:\/\/www.isosfer.pt\/novo\/?page_id=837&#8243; border_width_all_image=&#8221;2px&#8221; border_color_all_image=&#8221;#0093DD&#8221; locked=&#8221;off&#8221; global_colors_info=&#8221;{}&#8221; custom_css_main_element__hover_enabled=&#8221;on|hover&#8221;][\/et_pb_blurb][\/et_pb_column][et_pb_column type=&#8221;1_3&#8243; _builder_version=&#8221;4.16&#8243; custom_padding=&#8221;|||&#8221; global_colors_info=&#8221;{}&#8221; custom_padding__hover=&#8221;|||&#8221;][et_pb_blurb title=&#8221;Laje Aligeirada&#8221; url=&#8221;https:\/\/www.isosfer.pt\/novo\/?page_id=829&#8243; image=&#8221;https:\/\/www.isosfer.pt\/novo\/wp-content\/uploads\/2022\/11\/img_Lage-aligeirada_2.jpg&#8221; admin_label=&#8221;Category&#8221; _builder_version=&#8221;4.19.0&#8243; header_level=&#8221;h3&#8243; header_font=&#8221;Nunito||||||||&#8221; header_text_color=&#8221;#263954&#8243; header_font_size=&#8221;24px&#8221; header_line_height=&#8221;1.3em&#8221; body_font=&#8221;||||||||&#8221; body_font_size=&#8221;15px&#8221; body_line_height=&#8221;1.8em&#8221; animation=&#8221;off&#8221; link_option_url=&#8221;https:\/\/www.isosfer.pt\/novo\/?page_id=829&#8243; border_width_all_image=&#8221;2px&#8221; border_color_all_image=&#8221;#0093DD&#8221; border_radii_image_last_edited=&#8221;off|desktop&#8221; global_colors_info=&#8221;{}&#8221; custom_css_main_element_last_edited=&#8221;off|desktop&#8221; custom_css_main_element__hover_enabled=&#8221;on|hover&#8221; custom_css_main_element_tablet=&#8221;background-size: 100%;||transition: all 0.5s ease;&#8221; custom_css_main_element_phone=&#8221;background-size: 100%;||transition: all 0.5s ease;&#8221; border_radii_image__hover_enabled=&#8221;on|hover&#8221; border_radii_image__hover=&#8221;on||||&#8221;][\/et_pb_blurb][\/et_pb_column][\/et_pb_row][et_pb_row column_structure=&#8221;1_3,1_3,1_3&#8243; admin_label=&#8221;Categories&#8221; _builder_version=&#8221;4.16&#8243; max_width=&#8221;1440px&#8221; custom_padding=&#8221;20px|||&#8221; use_custom_width=&#8221;on&#8221; custom_width_px=&#8221;1440px&#8221; locked=&#8221;off&#8221; global_colors_info=&#8221;{}&#8221;][et_pb_column type=&#8221;1_3&#8243; _builder_version=&#8221;4.16&#8243; custom_padding=&#8221;|||&#8221; global_colors_info=&#8221;{}&#8221; custom_padding__hover=&#8221;|||&#8221;][et_pb_blurb title=&#8221;Cimalhas &#8221; url=&#8221;https:\/\/www.isosfer.pt\/novo\/?page_id=489&#8243; image=&#8221;https:\/\/www.isosfer.pt\/novo\/wp-content\/uploads\/2022\/06\/img_30.jpg&#8221; admin_label=&#8221;Category&#8221; _builder_version=&#8221;4.17.3&#8243; header_level=&#8221;h3&#8243; header_font=&#8221;Nunito||||||||&#8221; header_text_color=&#8221;#263954&#8243; header_font_size=&#8221;24px&#8221; header_line_height=&#8221;1.3em&#8221; body_font=&#8221;||||||||&#8221; body_font_size=&#8221;15px&#8221; body_line_height=&#8221;1.8em&#8221; animation=&#8221;off&#8221; link_option_url=&#8221;https:\/\/www.isosfer.pt\/novo\/?page_id=489&#8243; border_width_all_image=&#8221;2px&#8221; border_color_all_image=&#8221;#0093DD&#8221; locked=&#8221;off&#8221; global_colors_info=&#8221;{}&#8221; custom_css_main_element__hover_enabled=&#8221;on|hover&#8221;][\/et_pb_blurb][\/et_pb_column][et_pb_column type=&#8221;1_3&#8243; _builder_version=&#8221;4.16&#8243; custom_padding=&#8221;|||&#8221; global_colors_info=&#8221;{}&#8221; custom_padding__hover=&#8221;|||&#8221;][et_pb_blurb title=&#8221;Caixas Estores&#8221; url=&#8221;https:\/\/www.isosfer.pt\/novo\/?page_id=772&#8243; image=&#8221;https:\/\/www.isosfer.pt\/novo\/wp-content\/uploads\/2022\/09\/img_33.jpg&#8221; admin_label=&#8221;Category&#8221; _builder_version=&#8221;4.18.0&#8243; header_level=&#8221;h3&#8243; header_font=&#8221;Nunito||||||||&#8221; header_text_color=&#8221;#263954&#8243; header_font_size=&#8221;24px&#8221; header_line_height=&#8221;1.3em&#8221; body_font=&#8221;||||||||&#8221; body_font_size=&#8221;15px&#8221; body_line_height=&#8221;1.8em&#8221; animation=&#8221;off&#8221; link_option_url=&#8221;https:\/\/www.isosfer.pt\/novo\/?page_id=772&#8243; border_width_all_image=&#8221;2px&#8221; border_color_all_image=&#8221;#0093DD&#8221; locked=&#8221;off&#8221; global_colors_info=&#8221;{}&#8221; custom_css_main_element__hover_enabled=&#8221;on|hover&#8221;][\/et_pb_blurb][\/et_pb_column][et_pb_column type=&#8221;1_3&#8243; _builder_version=&#8221;4.16&#8243; custom_padding=&#8221;|||&#8221; global_colors_info=&#8221;{}&#8221; custom_padding__hover=&#8221;|||&#8221;][et_pb_blurb title=&#8221;Solu\u00e7\u00f5es para a Ind\u00fastria &#8221; url=&#8221;https:\/\/www.isosfer.pt\/novo\/?page_id=516&#8243; image=&#8221;https:\/\/www.isosfer.pt\/novo\/wp-content\/uploads\/2022\/09\/img_Isolamentos.png&#8221; admin_label=&#8221;Category&#8221; _builder_version=&#8221;4.17.4&#8243; header_level=&#8221;h3&#8243; header_font=&#8221;Nunito||||||||&#8221; header_text_color=&#8221;#263954&#8243; header_font_size=&#8221;24px&#8221; header_line_height=&#8221;1.3em&#8221; body_font=&#8221;||||||||&#8221; body_font_size=&#8221;15px&#8221; body_line_height=&#8221;1.8em&#8221; animation=&#8221;off&#8221; link_option_url=&#8221;https:\/\/www.isosfer.pt\/novo\/?page_id=516&#8243; border_width_all_image=&#8221;2px&#8221; border_color_all_image=&#8221;#0093DD&#8221; global_colors_info=&#8221;{}&#8221; custom_css_main_element_last_edited=&#8221;off|desktop&#8221; custom_css_main_element__hover_enabled=&#8221;on|hover&#8221; custom_css_main_element_tablet=&#8221;background-size: 100%;||transition: all 0.5s ease;&#8221; custom_css_main_element_phone=&#8221;background-size: 100%;||transition: all 0.5s ease;&#8221;][\/et_pb_blurb][\/et_pb_column][\/et_pb_row][\/et_pb_section]<\/p>\n","protected":false},"excerpt":{"rendered":"<p>Produtos<\/p>\n","protected":false},"author":1,"featured_media":0,"parent":0,"menu_order":0,"comment_status":"closed","ping_status":"closed","template":"","meta":{"_et_pb_use_builder":"on","_et_pb_old_content":"","_et_gb_content_width":"","footnotes":""},"class_list":["post-204","page","type-page","status-publish","hentry"],"_links":{"self":[{"href":"https:\/\/www.isosfer.pt\/index.php?rest_route=\/wp\/v2\/pages\/204","targetHints":{"allow":["GET"]}}],"collection":[{"href":"https:\/\/www.isosfer.pt\/index.php?rest_route=\/wp\/v2\/pages"}],"about":[{"href":"https:\/\/www.isosfer.pt\/index.php?rest_route=\/wp\/v2\/types\/page"}],"author":[{"embeddable":true,"href":"https:\/\/www.isosfer.pt\/index.php?rest_route=\/wp\/v2\/users\/1"}],"replies":[{"embeddable":true,"href":"https:\/\/www.isosfer.pt\/index.php?rest_route=%2Fwp%2Fv2%2Fcomments&post=204"}],"version-history":[{"count":36,"href":"https:\/\/www.isosfer.pt\/index.php?rest_route=\/wp\/v2\/pages\/204\/revisions"}],"predecessor-version":[{"id":957,"href":"https:\/\/www.isosfer.pt\/index.php?rest_route=\/wp\/v2\/pages\/204\/revisions\/957"}],"wp:attachment":[{"href":"https:\/\/www.isosfer.pt\/index.php?rest_route=%2Fwp%2Fv2%2Fmedia&parent=204"}],"curies":[{"name":"wp","href":"https:\/\/api.w.org\/{rel}","templated":true}]}}