{"id":1055,"date":"2022-11-22T15:39:36","date_gmt":"2022-11-22T15:39:36","guid":{"rendered":"https:\/\/www.isosfer.pt\/novo\/?page_id=1055"},"modified":"2022-11-22T15:47:47","modified_gmt":"2022-11-22T15:47:47","slug":"o-eps","status":"publish","type":"page","link":"https:\/\/www.isosfer.pt\/?page_id=1055","title":{"rendered":"O EPS"},"content":{"rendered":"<p>[et_pb_section fb_built=&#8221;1&#8243; admin_label=&#8221;About Us Section 01&#8243; _builder_version=&#8221;4.16&#8243; _module_preset=&#8221;default&#8221; custom_padding=&#8221;0px||0px|&#8221; global_colors_info=&#8221;{}&#8221;][et_pb_row column_structure=&#8221;1_2,1_2&#8243; use_custom_gutter=&#8221;on&#8221; gutter_width=&#8221;1&#8243; admin_label=&#8221;About Us Area&#8221; module_class=&#8221; et_pb_row_fullwidth&#8221; _builder_version=&#8221;4.17.3&#8243; _module_preset=&#8221;default&#8221; background_image=&#8221;https:\/\/www.isosfer.pt\/novo\/wp-content\/uploads\/2022\/05\/img_22.jpg&#8221; width=&#8221;100%&#8221; width_tablet=&#8221;100%&#8221; width_phone=&#8221;100%&#8221; width_last_edited=&#8221;on|desktop&#8221; max_width=&#8221;100%&#8221; max_width_tablet=&#8221;100%&#8221; max_width_phone=&#8221;100%&#8221; max_width_last_edited=&#8221;on|desktop&#8221; custom_padding=&#8221;0px||0px|&#8221; make_fullwidth=&#8221;on&#8221; global_colors_info=&#8221;{}&#8221;][et_pb_column type=&#8221;1_2&#8243; _builder_version=&#8221;4.16&#8243; _module_preset=&#8221;default&#8221; custom_padding=&#8221;|||&#8221; global_colors_info=&#8221;{}&#8221; custom_padding__hover=&#8221;|||&#8221;][et_pb_divider show_divider=&#8221;off&#8221; _builder_version=&#8221;4.16&#8243; _module_preset=&#8221;default&#8221; height=&#8221;400px&#8221; locked=&#8221;off&#8221; global_colors_info=&#8221;{}&#8221;][\/et_pb_divider][\/et_pb_column][et_pb_column type=&#8221;1_2&#8243; _builder_version=&#8221;4.17.3&#8243; _module_preset=&#8221;default&#8221; background_color=&#8221;#00AEEF&#8221; custom_padding=&#8221;7%|10%|7%|10%&#8221; global_colors_info=&#8221;{}&#8221; custom_padding__hover=&#8221;|||&#8221;][et_pb_text admin_label=&#8221;Title&#8221; _builder_version=&#8221;4.16&#8243; _module_preset=&#8221;default&#8221; text_font=&#8221;||||||||&#8221; header_font=&#8221;||||||||&#8221; header_2_font=&#8221;Nunito||||||||&#8221; header_2_font_size=&#8221;36px&#8221; header_2_line_height=&#8221;1.4em&#8221; background_layout=&#8221;dark&#8221; custom_margin=&#8221;||5px|&#8221; animation_style=&#8221;fold&#8221; animation_direction=&#8221;bottom&#8221; animation_intensity_fold=&#8221;20%&#8221; animation_starting_opacity=&#8221;100%&#8221; global_colors_info=&#8221;{}&#8221;]<\/p>\n<h2>O Que \u00e9 EPS<\/h2>\n<p>[\/et_pb_text][et_pb_divider color=&#8221;#ffffff&#8221; divider_position=&#8221;center&#8221; divider_weight=&#8221;2px&#8221; _builder_version=&#8221;4.16&#8243; _module_preset=&#8221;default&#8221; max_width=&#8221;50px&#8221; module_alignment=&#8221;left&#8221; custom_margin=&#8221;||30px|&#8221; locked=&#8221;off&#8221; global_colors_info=&#8221;{}&#8221;][\/et_pb_divider][et_pb_text _builder_version=&#8221;4.17.3&#8243; _module_preset=&#8221;default&#8221; text_font=&#8221;||||||||&#8221; text_line_height=&#8221;1.8em&#8221; background_layout=&#8221;dark&#8221; custom_margin=&#8221;||35px|&#8221; animation_direction=&#8221;bottom&#8221; global_colors_info=&#8221;{}&#8221;]<\/p>\n<p style=\"text-align: justify;\">\u2022 Eps \u2013 <strong>E<\/strong>xpanded <strong>P<\/strong>oly<strong>S<\/strong>tyrene<\/p>\n<p style=\"text-align: justify;\">\u2022 Eps \u2013 \u201cEsferovite\u201d<\/p>\n<p style=\"text-align: justify;\">Principais Aplica\u00e7\u00f5es:<br \/>\u2022 Isolamento T\u00e9rmico Para Edif\u00edcios<br \/>\u2022 Outras Aplica\u00e7\u00f5es Na Constru\u00e7\u00e3o Civil<br \/>\u2022 Embalagem Industrial E Alimentar<br \/>\u2022 Outras Aplica\u00e7\u00f5es<\/p>\n<p>[\/et_pb_text][\/et_pb_column][\/et_pb_row][\/et_pb_section][et_pb_section fb_built=&#8221;1&#8243; admin_label=&#8221;About Us Section 02&#8243; _builder_version=&#8221;4.16&#8243; _module_preset=&#8221;default&#8221; custom_padding=&#8221;0px||0px|&#8221; global_colors_info=&#8221;{}&#8221;][et_pb_row column_structure=&#8221;1_2,1_2&#8243; use_custom_gutter=&#8221;on&#8221; gutter_width=&#8221;1&#8243; make_equal=&#8221;on&#8221; admin_label=&#8221;About Us Area&#8221; module_class=&#8221; et_pb_row_fullwidth&#8221; _builder_version=&#8221;4.17.3&#8243; _module_preset=&#8221;default&#8221; background_enable_image=&#8221;off&#8221; width=&#8221;100%&#8221; width_tablet=&#8221;100%&#8221; width_phone=&#8221;100%&#8221; width_last_edited=&#8221;on|desktop&#8221; max_width=&#8221;100%&#8221; max_width_tablet=&#8221;100%&#8221; max_width_phone=&#8221;100%&#8221; max_width_last_edited=&#8221;on|desktop&#8221; custom_padding=&#8221;0px||0px|&#8221; make_fullwidth=&#8221;on&#8221; custom_width_px=&#8221;2600px&#8221; global_colors_info=&#8221;{}&#8221;][et_pb_column type=&#8221;1_2&#8243; _builder_version=&#8221;4.17.3&#8243; _module_preset=&#8221;default&#8221; background_enable_color=&#8221;off&#8221; custom_padding=&#8221;7%|10%|7%|10%&#8221; global_colors_info=&#8221;{}&#8221; custom_padding__hover=&#8221;|||&#8221;][et_pb_text admin_label=&#8221;Title&#8221; _builder_version=&#8221;4.16&#8243; _module_preset=&#8221;default&#8221; text_font=&#8221;||||||||&#8221; header_font=&#8221;||||||||&#8221; header_2_font=&#8221;Nunito||||||||&#8221; header_2_text_color=&#8221;#263954&#8243; header_2_font_size=&#8221;36px&#8221; header_2_line_height=&#8221;1.4em&#8221; custom_margin=&#8221;||5px|&#8221; animation_style=&#8221;fold&#8221; animation_direction=&#8221;bottom&#8221; animation_intensity_fold=&#8221;20%&#8221; animation_starting_opacity=&#8221;100%&#8221; global_colors_info=&#8221;{}&#8221;]<\/p>\n<h2>Propriedades do EPS<\/h2>\n<p>[\/et_pb_text][et_pb_divider color=&#8221;#00AEEF&#8221; divider_position=&#8221;center&#8221; divider_weight=&#8221;2px&#8221; _builder_version=&#8221;4.17.3&#8243; _module_preset=&#8221;default&#8221; max_width=&#8221;50px&#8221; module_alignment=&#8221;left&#8221; custom_margin=&#8221;||30px|&#8221; locked=&#8221;off&#8221; global_colors_info=&#8221;{}&#8221;][\/et_pb_divider][et_pb_text _builder_version=&#8221;4.17.3&#8243; _module_preset=&#8221;default&#8221; text_font=&#8221;||||||||&#8221; text_line_height=&#8221;1.8em&#8221; custom_margin=&#8221;||35px|&#8221; animation_direction=&#8221;bottom&#8221; global_colors_info=&#8221;{}&#8221;]<\/p>\n<ul>\n<li>T\u00e9rmica<\/li>\n<li>Mec\u00e2nica<\/li>\n<li>\u00c1gua<\/li>\n<li>Temperatura<\/li>\n<li>Ac\u00fastica<\/li>\n<li>Reac\u00e7\u00e3o ao Fogo<\/li>\n<li>Durabilidade<\/li>\n<li>Impacto Ambiental<\/li>\n<\/ul>\n<p>[\/et_pb_text][\/et_pb_column][et_pb_column type=&#8221;1_2&#8243; _builder_version=&#8221;4.17.3&#8243; _module_preset=&#8221;default&#8221; background_image=&#8221;https:\/\/www.isosfer.pt\/novo\/wp-content\/uploads\/2022\/05\/img_21.jpg&#8221; custom_padding=&#8221;|||&#8221; global_colors_info=&#8221;{}&#8221; custom_padding__hover=&#8221;|||&#8221;][et_pb_divider show_divider=&#8221;off&#8221; _builder_version=&#8221;4.17.3&#8243; _module_preset=&#8221;default&#8221; height=&#8221;400px&#8221; global_colors_info=&#8221;{}&#8221;][\/et_pb_divider][\/et_pb_column][\/et_pb_row][\/et_pb_section][et_pb_section fb_built=&#8221;1&#8243; admin_label=&#8221;All Categories Section&#8221; _builder_version=&#8221;4.19.0&#8243; background_color=&#8221;#FFFFFF&#8221; custom_padding=&#8221;||||false|false&#8221; hover_enabled=&#8221;0&#8243; global_colors_info=&#8221;{}&#8221; sticky_enabled=&#8221;0&#8243; inner_shadow=&#8221;on&#8221;][et_pb_row admin_label=&#8221;Title Area&#8221; _builder_version=&#8221;4.16&#8243; custom_padding=&#8221;26px|0px|27px|0px&#8221; locked=&#8221;off&#8221; global_colors_info=&#8221;{}&#8221;][et_pb_column type=&#8221;4_4&#8243; _builder_version=&#8221;4.16&#8243; custom_padding=&#8221;|||&#8221; global_colors_info=&#8221;{}&#8221; custom_padding__hover=&#8221;|||&#8221;][et_pb_text admin_label=&#8221;Title&#8221; _builder_version=&#8221;4.16&#8243; text_font=&#8221;||||||||&#8221; header_font=&#8221;||||||||&#8221; header_2_font=&#8221;Nunito||||||||&#8221; header_2_text_align=&#8221;center&#8221; header_2_text_color=&#8221;#263954&#8243; header_2_font_size=&#8221;36px&#8221; header_2_line_height=&#8221;1.4em&#8221; custom_margin=&#8221;||5px|&#8221; animation_style=&#8221;fold&#8221; animation_direction=&#8221;bottom&#8221; animation_intensity_fold=&#8221;20%&#8221; animation_starting_opacity=&#8221;100%&#8221; global_colors_info=&#8221;{}&#8221;]<\/p>\n<h2>Breve Hist\u00f3ria do Poliestireno Expandido (EPS)<\/h2>\n<p>[\/et_pb_text][et_pb_divider color=&#8221;#0C71C3&#8243; divider_position=&#8221;center&#8221; divider_weight=&#8221;2px&#8221; _builder_version=&#8221;4.16&#8243; max_width=&#8221;50px&#8221; module_alignment=&#8221;center&#8221; global_colors_info=&#8221;{}&#8221;][\/et_pb_divider][\/et_pb_column][\/et_pb_row][et_pb_row _builder_version=&#8221;4.16&#8243; _module_preset=&#8221;default&#8221; global_colors_info=&#8221;{}&#8221;][et_pb_column type=&#8221;4_4&#8243; _builder_version=&#8221;4.16&#8243; _module_preset=&#8221;default&#8221; global_colors_info=&#8221;{}&#8221;][et_pb_text _builder_version=&#8221;4.19.0&#8243; _module_preset=&#8221;default&#8221; hover_enabled=&#8221;0&#8243; global_colors_info=&#8221;{}&#8221; sticky_enabled=&#8221;0&#8243;]<\/p>\n<p style=\"text-align: justify;\">O <strong>EPS<\/strong>, como material isolante, tem as suas origens nos laborat\u00f3rios da BASF, no ano de 1952.<br \/>Desde ent\u00e3o o seu desenvolvimento n\u00e3o tem cessado sendo hoje aplicado em todo o mundo, principalmente na \u00e1rea da constru\u00e7\u00e3o civil, na ind\u00fastria de embalagens e tamb\u00e9m com uma quota razo\u00e1vel na \u00e1rea de decora\u00e7\u00e3o.<br \/>Hoje em dia o consumo mundial de <strong>EPS<\/strong> \u00e9 de aproximadamente 1.200.000 toneladas, prevendo-se que 40% deste volume seja consumido na Europa.<\/p>\n<p style=\"text-align: justify;\"><strong>O EPS em Portugal<\/strong><\/p>\n<p style=\"text-align: justify;\">O <strong>EPS<\/strong> \u00e9 aplicado principalmente na constru\u00e7\u00e3o civil em placas e como acondicionador na ind\u00fastria da embalagem, tanto em placas como em corpos moldados.<br \/>Em Portugal surge no final da d\u00e9cada de 50, obtendo r\u00e1pida aceita\u00e7\u00e3o em qualquer desses sectores.<br \/>O mercado portugu\u00eas consume cerca de 1 % do consumo europeu, 60% do qual na constru\u00e7\u00e3o civil.<br \/>O consumo per capita ainda est\u00e1 muito aqu\u00e9m dos restantes pa\u00edses europeus.<\/p>\n<p style=\"text-align: justify;\"><strong>O Processo de Fabrico do EPS<\/strong><\/p>\n<p style=\"text-align: justify;\">O <strong>EPS<\/strong> \u00e9 produzido a partir do petr\u00f3leo.<br \/>O processo de fabrico do <strong>EPS<\/strong> expans\u00edvel \u00e9 efetuado em larga escala industrial e resume-se \u00e0 polimeriza\u00e7\u00e3o do estireno ao qual \u00e9 adicionado um agente expansor.<br \/>Este processo \u00e9 constitu\u00eddo por tr\u00eas fases:<\/p>\n<ul style=\"text-align: justify;\">\n<li>PRE-EXPANS\u00c3O<\/li>\n<li>ARMAZENAMENT O INTERM\u00c9DIO<\/li>\n<li>MOLDAGEM<\/li>\n<\/ul>\n<p style=\"text-align: justify;\"><strong>Capacidades de Isolamento T\u00e9rmico do EPS<\/strong><\/p>\n<p style=\"text-align: justify;\">A capacidade mais importante do <strong>EPS<\/strong>, \u00e9 a resist\u00eancia \u00e0 passagem de temperatura, o que se deve \u00e0 sua estrutura celular, constitu\u00edda por muitos milh\u00f5es de c\u00e9lulas fechadas com di\u00e2metros de alguns d\u00e9cimos de mil\u00edmetros.<br \/>A capacidade de isolamento t\u00e9rmico do material, \u00e9 medida pela quantidade de energia que o atravessa, considerando uma espessura e \u00e1rea determinadas, num dado per\u00edodo, na presen\u00e7a de gradiente t\u00e9rmico (conhecido) e o Coeficiente de Condutibilidade T\u00e9rmica C.C.T., habitualmente medida em (W\/m\u00ba C).<\/p>\n<p>[\/et_pb_text][et_pb_text _builder_version=&#8221;4.19.0&#8243; _module_preset=&#8221;default&#8221; hover_enabled=&#8221;0&#8243; global_colors_info=&#8221;{}&#8221; sticky_enabled=&#8221;0&#8243;]<\/p>\n<p><strong>PROPRIEDADES DO EPS (ESFEROVITE)<\/strong><\/p>\n<p><strong><img loading=\"lazy\" decoding=\"async\" src=\"https:\/\/www.isosfer.pt\/novo\/wp-content\/uploads\/2022\/11\/img_propriedades-do-EPS-1024x452.jpg\" width=\"1024\" height=\"452\" alt=\"\" class=\"wp-image-1061 alignnone size-large\" srcset=\"https:\/\/www.isosfer.pt\/novo\/wp-content\/uploads\/2022\/11\/img_propriedades-do-EPS-1024x452.jpg 1024w, https:\/\/www.isosfer.pt\/novo\/wp-content\/uploads\/2022\/11\/img_propriedades-do-EPS-980x433.jpg 980w, https:\/\/www.isosfer.pt\/novo\/wp-content\/uploads\/2022\/11\/img_propriedades-do-EPS-480x212.jpg 480w\" sizes=\"(min-width: 0px) and (max-width: 480px) 480px, (min-width: 481px) and (max-width: 980px) 980px, (min-width: 981px) 1024px, 100vw\" \/><\/strong><\/p>\n<p>[\/et_pb_text][\/et_pb_column][\/et_pb_row][\/et_pb_section]<\/p>\n","protected":false},"excerpt":{"rendered":"<p>O Que \u00e9 EPS\u2022 Eps \u2013 Expanded PolyStyrene \u2022 Eps \u2013 \u201cEsferovite\u201d Principais Aplica\u00e7\u00f5es:\u2022 Isolamento T\u00e9rmico Para Edif\u00edcios\u2022 Outras Aplica\u00e7\u00f5es Na Constru\u00e7\u00e3o Civil\u2022 Embalagem Industrial E Alimentar\u2022 Outras Aplica\u00e7\u00f5esPropriedades do EPS T\u00e9rmica Mec\u00e2nica \u00c1gua Temperatura Ac\u00fastica Reac\u00e7\u00e3o ao Fogo Durabilidade Impacto Ambiental Breve Hist\u00f3ria do Poliestireno Expandido (EPS)O EPS, como material isolante, tem as suas [&hellip;]<\/p>\n","protected":false},"author":2,"featured_media":0,"parent":0,"menu_order":0,"comment_status":"closed","ping_status":"closed","template":"","meta":{"_et_pb_use_builder":"on","_et_pb_old_content":"","_et_gb_content_width":"","footnotes":""},"class_list":["post-1055","page","type-page","status-publish","hentry"],"_links":{"self":[{"href":"https:\/\/www.isosfer.pt\/index.php?rest_route=\/wp\/v2\/pages\/1055","targetHints":{"allow":["GET"]}}],"collection":[{"href":"https:\/\/www.isosfer.pt\/index.php?rest_route=\/wp\/v2\/pages"}],"about":[{"href":"https:\/\/www.isosfer.pt\/index.php?rest_route=\/wp\/v2\/types\/page"}],"author":[{"embeddable":true,"href":"https:\/\/www.isosfer.pt\/index.php?rest_route=\/wp\/v2\/users\/2"}],"replies":[{"embeddable":true,"href":"https:\/\/www.isosfer.pt\/index.php?rest_route=%2Fwp%2Fv2%2Fcomments&post=1055"}],"version-history":[{"count":7,"href":"https:\/\/www.isosfer.pt\/index.php?rest_route=\/wp\/v2\/pages\/1055\/revisions"}],"predecessor-version":[{"id":1064,"href":"https:\/\/www.isosfer.pt\/index.php?rest_route=\/wp\/v2\/pages\/1055\/revisions\/1064"}],"wp:attachment":[{"href":"https:\/\/www.isosfer.pt\/index.php?rest_route=%2Fwp%2Fv2%2Fmedia&parent=1055"}],"curies":[{"name":"wp","href":"https:\/\/api.w.org\/{rel}","templated":true}]}}